{"id":234,"date":"2024-04-03T16:14:29","date_gmt":"2024-04-03T14:14:29","guid":{"rendered":"https:\/\/www.mercure-carcassonnelacite.com\/visites\/"},"modified":"2025-05-15T15:30:41","modified_gmt":"2025-05-15T13:30:41","slug":"que-visitar-en-carcasona","status":"publish","type":"page","link":"https:\/\/www.mercure-carcassonnelacite.com\/es\/tourisme-visiter-carcassonne\/que-visiter-a-carcassonne\/","title":{"rendered":"La ciudad medieval"},"content":{"rendered":"<div data-elementor-type=\"wp-page\" data-elementor-id=\"234\" class=\"elementor elementor-234\" data-elementor-post-type=\"page\">\n\t\t\t\t<div class=\"elementor-element elementor-element-549d723c e-flex e-con-boxed e-con e-parent\" data-id=\"549d723c\" data-element_type=\"container\" data-e-type=\"container\" data-settings=\"{&quot;background_background&quot;:&quot;classic&quot;}\">\n\t\t\t\t\t<div class=\"e-con-inner\">\n\t\t<div class=\"elementor-element elementor-element-7ef4349c e-flex e-con-boxed e-con e-child\" data-id=\"7ef4349c\" data-element_type=\"container\" data-e-type=\"container\">\n\t\t\t\t\t<div class=\"e-con-inner\">\n\t\t\t\t<div class=\"elementor-element elementor-element-6768ef83 elementor-widget elementor-widget-heading\" data-id=\"6768ef83\" data-element_type=\"widget\" data-e-type=\"widget\" data-widget_type=\"heading.default\">\n\t\t\t\t<div class=\"elementor-widget-container\">\n\t\t\t\t\t<h1 class=\"elementor-heading-title elementor-size-default\">La ciudad <br>medieval<\/h1>\t\t\t\t<\/div>\n\t\t\t\t<\/div>\n\t\t\t\t\t<\/div>\n\t\t\t\t<\/div>\n\t\t\t\t\t<\/div>\n\t\t\t\t<\/div>\n\t\t<div class=\"elementor-element elementor-element-219604f e-flex e-con-boxed e-con e-parent\" data-id=\"219604f\" data-element_type=\"container\" data-e-type=\"container\" data-settings=\"{&quot;background_background&quot;:&quot;classic&quot;}\">\n\t\t\t\t\t<div class=\"e-con-inner\">\n\t\t\t\t<div class=\"elementor-element elementor-element-8e1aa10 elementor-widget elementor-widget-image\" data-id=\"8e1aa10\" data-element_type=\"widget\" data-e-type=\"widget\" data-widget_type=\"image.default\">\n\t\t\t\t<div class=\"elementor-widget-container\">\n\t\t\t\t\t\t\t\t\t\t\t\t\t\t\t<img decoding=\"async\" width=\"110\" height=\"4\" src=\"https:\/\/www.mercure-carcassonnelacite.com\/wp-content\/uploads\/2025\/05\/Groupe-525.svg\" class=\"attachment-full size-full wp-image-1420\" alt=\"\" title=\"\">\t\t\t\t\t\t\t\t\t\t\t\t\t\t\t<\/div>\n\t\t\t\t<\/div>\n\t\t\t\t<div class=\"elementor-element elementor-element-ea60308 elementor-widget elementor-widget-heading\" data-id=\"ea60308\" data-element_type=\"widget\" data-e-type=\"widget\" data-widget_type=\"heading.default\">\n\t\t\t\t<div class=\"elementor-widget-container\">\n\t\t\t\t\t<h2 class=\"elementor-heading-title elementor-size-default\">Las diferentes visitas<\/h2>\t\t\t\t<\/div>\n\t\t\t\t<\/div>\n\t\t\t\t<div class=\"elementor-element elementor-element-79c4643 elementor-widget elementor-widget-heading\" data-id=\"79c4643\" data-element_type=\"widget\" data-e-type=\"widget\" data-widget_type=\"heading.default\">\n\t\t\t\t<div class=\"elementor-widget-container\">\n\t\t\t\t\t<h3 class=\"elementor-heading-title elementor-size-default\">en la ciudad medieval<\/h3>\t\t\t\t<\/div>\n\t\t\t\t<\/div>\n\t\t<div class=\"elementor-element elementor-element-64e68be e-con-full e-flex e-con e-child\" data-id=\"64e68be\" data-element_type=\"container\" data-e-type=\"container\" data-settings=\"{&quot;background_background&quot;:&quot;classic&quot;}\">\n\t\t\t\t<div class=\"elementor-element elementor-element-2c7cf66 elementor-absolute elementor-widget elementor-widget-image\" data-id=\"2c7cf66\" data-element_type=\"widget\" data-e-type=\"widget\" data-settings=\"{&quot;_position&quot;:&quot;absolute&quot;}\" data-widget_type=\"image.default\">\n\t\t\t\t<div class=\"elementor-widget-container\">\n\t\t\t\t\t\t\t\t\t\t\t\t\t\t\t<img fetchpriority=\"high\" decoding=\"async\" width=\"410\" height=\"1353\" src=\"https:\/\/www.mercure-carcassonnelacite.com\/wp-content\/uploads\/2025\/05\/Groupe-998-2x.png\" class=\"attachment-full size-full wp-image-1441\" alt=\"\" srcset=\"https:\/\/www.mercure-carcassonnelacite.com\/wp-content\/uploads\/2025\/05\/Groupe-998-2x.png 410w, https:\/\/www.mercure-carcassonnelacite.com\/wp-content\/uploads\/2025\/05\/Groupe-998-2x-91x300.png 91w, https:\/\/www.mercure-carcassonnelacite.com\/wp-content\/uploads\/2025\/05\/Groupe-998-2x-310x1024.png 310w, https:\/\/www.mercure-carcassonnelacite.com\/wp-content\/uploads\/2025\/05\/Groupe-998-2x-4x12.png 4w\" sizes=\"(max-width: 410px) 100vw, 410px\" title=\"\">\t\t\t\t\t\t\t\t\t\t\t\t\t\t\t<\/div>\n\t\t\t\t<\/div>\n\t\t<div class=\"elementor-element elementor-element-5c46342 e-con-full e-flex e-con e-child\" data-id=\"5c46342\" data-element_type=\"container\" data-e-type=\"container\" data-settings=\"{&quot;background_background&quot;:&quot;classic&quot;}\">\n\t\t\t\t<div class=\"elementor-element elementor-element-5141964 elementor-widget elementor-widget-image\" data-id=\"5141964\" data-element_type=\"widget\" data-e-type=\"widget\" data-widget_type=\"image.default\">\n\t\t\t\t<div class=\"elementor-widget-container\">\n\t\t\t\t\t\t\t\t\t\t\t\t\t\t\t<img decoding=\"async\" width=\"110\" height=\"4\" src=\"https:\/\/www.mercure-carcassonnelacite.com\/wp-content\/uploads\/2025\/05\/Groupe-525.svg\" class=\"attachment-full size-full wp-image-1420\" alt=\"\" title=\"\">\t\t\t\t\t\t\t\t\t\t\t\t\t\t\t<\/div>\n\t\t\t\t<\/div>\n\t\t\t\t<div class=\"elementor-element elementor-element-7edba8e elementor-widget elementor-widget-heading\" data-id=\"7edba8e\" data-element_type=\"widget\" data-e-type=\"widget\" data-widget_type=\"heading.default\">\n\t\t\t\t<div class=\"elementor-widget-container\">\n\t\t\t\t\t<h2 class=\"elementor-heading-title elementor-size-default\">La ciudad de Carcasona<\/h2>\t\t\t\t<\/div>\n\t\t\t\t<\/div>\n\t\t\t\t<div class=\"elementor-element elementor-element-ebf0a18 elementor-widget elementor-widget-heading\" data-id=\"ebf0a18\" data-element_type=\"widget\" data-e-type=\"widget\" data-widget_type=\"heading.default\">\n\t\t\t\t<div class=\"elementor-widget-container\">\n\t\t\t\t\t<h3 class=\"elementor-heading-title elementor-size-default\">donde la historia resuena<\/h3>\t\t\t\t<\/div>\n\t\t\t\t<\/div>\n\t\t\t\t<div class=\"elementor-element elementor-element-1980a31 btn-border elementor-widget elementor-widget-button\" data-id=\"1980a31\" data-element_type=\"widget\" data-e-type=\"widget\" data-widget_type=\"button.default\">\n\t\t\t\t<div class=\"elementor-widget-container\">\n\t\t\t\t\t\t\t\t\t<div class=\"elementor-button-wrapper\">\n\t\t\t\t\t<a class=\"elementor-button elementor-button-link elementor-size-sm\" href=\"https:\/\/reservation.tourisme-carcassonne.fr\/visites-guidees.html\" rel=\"nofollow noopener\" target=\"_blank\">\n\t\t\t\t\t\t<span class=\"elementor-button-content-wrapper\">\n\t\t\t\t\t\t\t\t\t<span class=\"elementor-button-text\">M\u00e1s informaci\u00f3n<\/span>\n\t\t\t\t\t<\/span>\n\t\t\t\t\t<\/a>\n\t\t\t\t<\/div>\n\t\t\t\t\t\t\t\t<\/div>\n\t\t\t\t<\/div>\n\t\t\t\t<\/div>\n\t\t<div class=\"elementor-element elementor-element-fcc02c1 e-con-full e-flex e-con e-child\" data-id=\"fcc02c1\" data-element_type=\"container\" data-e-type=\"container\">\n\t\t\t\t<div class=\"elementor-element elementor-element-33f369a elementor-widget__width-initial elementor-widget-tablet__width-inherit elementor-widget elementor-widget-text-editor\" data-id=\"33f369a\" data-element_type=\"widget\" data-e-type=\"widget\" data-widget_type=\"text-editor.default\">\n\t\t\t\t<div class=\"elementor-widget-container\">\n\t\t\t\t\t\t\t\t\t<p>Visitar Carcasona es como hacer un viaje en el tiempo, hasta 2.500 a\u00f1os atr\u00e1s. Enclavada en lo alto de una colina, la Cit\u00e9 medieval domina toda la ciudad y se erige como uno de los conjuntos medievales mejor conservados del mundo. Venga a descubrir esta joya de nuestra historia y pasee por sus encantadoras calles empedradas. Es un aut\u00e9ntico viaje de inmersi\u00f3n a la Edad Media.<\/p><p>\u00a0<\/p><p>Para vivir una experiencia \u00fanica, participe en la visita guiada nocturna de la ciudad medieval con linternas. Por la noche, los secretos y la historia de las impresionantes murallas se revelan bajo una luz totalmente nueva. Siga a su gu\u00eda, linterna en mano, y d\u00e9jese hechizar por la atm\u00f3sfera m\u00edstica de esta antigua ciudad.<\/p>\t\t\t\t\t\t\t\t<\/div>\n\t\t\t\t<\/div>\n\t\t\t\t<\/div>\n\t\t\t\t<\/div>\n\t\t<div class=\"elementor-element elementor-element-284905c e-con-full e-flex e-con e-child\" data-id=\"284905c\" data-element_type=\"container\" data-e-type=\"container\">\n\t\t<div class=\"elementor-element elementor-element-e5f21ff e-con-full e-flex e-con e-child\" data-id=\"e5f21ff\" data-element_type=\"container\" data-e-type=\"container\">\n\t\t\t\t<div class=\"elementor-element elementor-element-5c35132 elementor-widget__width-inherit elementor-widget elementor-widget-text-editor\" data-id=\"5c35132\" data-element_type=\"widget\" data-e-type=\"widget\" data-widget_type=\"text-editor.default\">\n\t\t\t\t<div class=\"elementor-widget-container\">\n\t\t\t\t\t\t\t\t\t<p>El castillo Comtal, declarado Patrimonio Mundial por la UNESCO, es el centro de la ciudad. Las primeras piedras de este edificio se colocaron en 1130, y su fisonom\u00eda cambi\u00f3 a lo largo de los a\u00f1os, con sucesivas fortificaciones. Fue en el siglo XIII cuando el antiguo palacio de Trencavel se convirti\u00f3 en ch\u00e2teau comtal.\u00a0<\/p><p>Abandonado entre los siglos XVII y XIX, el castillo ha recuperado su antiguo esplendor. Se organizan numerosas visitas para conocer mejor el edificio y el papel que desempe\u00f1\u00f3 en la historia de Francia.<\/p>\t\t\t\t\t\t\t\t<\/div>\n\t\t\t\t<\/div>\n\t\t\t\t<div class=\"elementor-element elementor-element-2581a93 btn-border elementor-widget elementor-widget-button\" data-id=\"2581a93\" data-element_type=\"widget\" data-e-type=\"widget\" data-widget_type=\"button.default\">\n\t\t\t\t<div class=\"elementor-widget-container\">\n\t\t\t\t\t\t\t\t\t<div class=\"elementor-button-wrapper\">\n\t\t\t\t\t<a class=\"elementor-button elementor-button-link elementor-size-sm\" href=\"https:\/\/www.remparts-carcassonne.fr\/\" rel=\"nofollow noopener\" target=\"_blank\">\n\t\t\t\t\t\t<span class=\"elementor-button-content-wrapper\">\n\t\t\t\t\t\t\t\t\t<span class=\"elementor-button-text\">M\u00e1s informaci\u00f3n<\/span>\n\t\t\t\t\t<\/span>\n\t\t\t\t\t<\/a>\n\t\t\t\t<\/div>\n\t\t\t\t\t\t\t\t<\/div>\n\t\t\t\t<\/div>\n\t\t\t\t<\/div>\n\t\t<div class=\"elementor-element elementor-element-eb2e172 e-con-full e-flex e-con e-child\" data-id=\"eb2e172\" data-element_type=\"container\" data-e-type=\"container\" data-settings=\"{&quot;background_background&quot;:&quot;classic&quot;}\">\n\t\t\t\t<div class=\"elementor-element elementor-element-685f2f4 elementor-widget elementor-widget-image\" data-id=\"685f2f4\" data-element_type=\"widget\" data-e-type=\"widget\" data-widget_type=\"image.default\">\n\t\t\t\t<div class=\"elementor-widget-container\">\n\t\t\t\t\t\t\t\t\t\t\t\t\t\t\t<img decoding=\"async\" width=\"110\" height=\"4\" src=\"https:\/\/www.mercure-carcassonnelacite.com\/wp-content\/uploads\/2025\/05\/Groupe-525.svg\" class=\"attachment-full size-full wp-image-1420\" alt=\"\" title=\"\">\t\t\t\t\t\t\t\t\t\t\t\t\t\t\t<\/div>\n\t\t\t\t<\/div>\n\t\t\t\t<div class=\"elementor-element elementor-element-3510096 elementor-widget elementor-widget-heading\" data-id=\"3510096\" data-element_type=\"widget\" data-e-type=\"widget\" data-widget_type=\"heading.default\">\n\t\t\t\t<div class=\"elementor-widget-container\">\n\t\t\t\t\t<h2 class=\"elementor-heading-title elementor-size-default\">El Ch\u00e2teau Comtal <\/h2>\t\t\t\t<\/div>\n\t\t\t\t<\/div>\n\t\t\t\t<div class=\"elementor-element elementor-element-bffa6dc elementor-widget elementor-widget-heading\" data-id=\"bffa6dc\" data-element_type=\"widget\" data-e-type=\"widget\" data-widget_type=\"heading.default\">\n\t\t\t\t<div class=\"elementor-widget-container\">\n\t\t\t\t\t<h3 class=\"elementor-heading-title elementor-size-default\">En el coraz\u00f3n de la ciudad<\/h3>\t\t\t\t<\/div>\n\t\t\t\t<\/div>\n\t\t\t\t<div class=\"elementor-element elementor-element-33ccc57 elementor-absolute elementor-widget elementor-widget-image\" data-id=\"33ccc57\" data-element_type=\"widget\" data-e-type=\"widget\" data-settings=\"{&quot;_position&quot;:&quot;absolute&quot;}\" data-widget_type=\"image.default\">\n\t\t\t\t<div class=\"elementor-widget-container\">\n\t\t\t\t\t\t\t\t\t\t\t\t\t\t\t<img fetchpriority=\"high\" decoding=\"async\" width=\"410\" height=\"1353\" src=\"https:\/\/www.mercure-carcassonnelacite.com\/wp-content\/uploads\/2025\/05\/Groupe-998-2x.png\" class=\"attachment-full size-full wp-image-1441\" alt=\"\" srcset=\"https:\/\/www.mercure-carcassonnelacite.com\/wp-content\/uploads\/2025\/05\/Groupe-998-2x.png 410w, https:\/\/www.mercure-carcassonnelacite.com\/wp-content\/uploads\/2025\/05\/Groupe-998-2x-91x300.png 91w, https:\/\/www.mercure-carcassonnelacite.com\/wp-content\/uploads\/2025\/05\/Groupe-998-2x-310x1024.png 310w, https:\/\/www.mercure-carcassonnelacite.com\/wp-content\/uploads\/2025\/05\/Groupe-998-2x-4x12.png 4w\" sizes=\"(max-width: 410px) 100vw, 410px\" title=\"\">\t\t\t\t\t\t\t\t\t\t\t\t\t\t\t<\/div>\n\t\t\t\t<\/div>\n\t\t\t\t<\/div>\n\t\t\t\t<\/div>\n\t\t<div class=\"elementor-element elementor-element-78eedfe e-con-full e-flex e-con e-child\" data-id=\"78eedfe\" data-element_type=\"container\" data-e-type=\"container\" data-settings=\"{&quot;background_background&quot;:&quot;classic&quot;}\">\n\t\t\t\t<div class=\"elementor-element elementor-element-40eb741 elementor-absolute elementor-widget elementor-widget-image\" data-id=\"40eb741\" data-element_type=\"widget\" data-e-type=\"widget\" data-settings=\"{&quot;_position&quot;:&quot;absolute&quot;}\" data-widget_type=\"image.default\">\n\t\t\t\t<div class=\"elementor-widget-container\">\n\t\t\t\t\t\t\t\t\t\t\t\t\t\t\t<img fetchpriority=\"high\" decoding=\"async\" width=\"410\" height=\"1353\" src=\"https:\/\/www.mercure-carcassonnelacite.com\/wp-content\/uploads\/2025\/05\/Groupe-998-2x.png\" class=\"attachment-full size-full wp-image-1441\" alt=\"\" srcset=\"https:\/\/www.mercure-carcassonnelacite.com\/wp-content\/uploads\/2025\/05\/Groupe-998-2x.png 410w, https:\/\/www.mercure-carcassonnelacite.com\/wp-content\/uploads\/2025\/05\/Groupe-998-2x-91x300.png 91w, https:\/\/www.mercure-carcassonnelacite.com\/wp-content\/uploads\/2025\/05\/Groupe-998-2x-310x1024.png 310w, https:\/\/www.mercure-carcassonnelacite.com\/wp-content\/uploads\/2025\/05\/Groupe-998-2x-4x12.png 4w\" sizes=\"(max-width: 410px) 100vw, 410px\" title=\"\">\t\t\t\t\t\t\t\t\t\t\t\t\t\t\t<\/div>\n\t\t\t\t<\/div>\n\t\t<div class=\"elementor-element elementor-element-324a981 e-con-full e-flex e-con e-child\" data-id=\"324a981\" data-element_type=\"container\" data-e-type=\"container\" data-settings=\"{&quot;background_background&quot;:&quot;classic&quot;}\">\n\t\t\t\t<div class=\"elementor-element elementor-element-cf41357 elementor-widget elementor-widget-image\" data-id=\"cf41357\" data-element_type=\"widget\" data-e-type=\"widget\" data-widget_type=\"image.default\">\n\t\t\t\t<div class=\"elementor-widget-container\">\n\t\t\t\t\t\t\t\t\t\t\t\t\t\t\t<img decoding=\"async\" width=\"110\" height=\"4\" src=\"https:\/\/www.mercure-carcassonnelacite.com\/wp-content\/uploads\/2025\/05\/Groupe-525.svg\" class=\"attachment-full size-full wp-image-1420\" alt=\"\" title=\"\">\t\t\t\t\t\t\t\t\t\t\t\t\t\t\t<\/div>\n\t\t\t\t<\/div>\n\t\t\t\t<div class=\"elementor-element elementor-element-84b74cf elementor-widget elementor-widget-heading\" data-id=\"84b74cf\" data-element_type=\"widget\" data-e-type=\"widget\" data-widget_type=\"heading.default\">\n\t\t\t\t<div class=\"elementor-widget-container\">\n\t\t\t\t\t<h2 class=\"elementor-heading-title elementor-size-default\">El campamento medieval<\/h2>\t\t\t\t<\/div>\n\t\t\t\t<\/div>\n\t\t\t\t<div class=\"elementor-element elementor-element-7da9de6 elementor-widget elementor-widget-heading\" data-id=\"7da9de6\" data-element_type=\"widget\" data-e-type=\"widget\" data-widget_type=\"heading.default\">\n\t\t\t\t<div class=\"elementor-widget-container\">\n\t\t\t\t\t<h3 class=\"elementor-heading-title elementor-size-default\">Situado en el coraz\u00f3n de mi ciudad<\/h3>\t\t\t\t<\/div>\n\t\t\t\t<\/div>\n\t\t\t\t<div class=\"elementor-element elementor-element-695c4b2 btn-border elementor-widget elementor-widget-button\" data-id=\"695c4b2\" data-element_type=\"widget\" data-e-type=\"widget\" data-widget_type=\"button.default\">\n\t\t\t\t<div class=\"elementor-widget-container\">\n\t\t\t\t\t\t\t\t\t<div class=\"elementor-button-wrapper\">\n\t\t\t\t\t<a class=\"elementor-button elementor-button-link elementor-size-sm\" href=\"https:\/\/www.tourisme-carcassonne.fr\/toutes-les-experiences\/camp-medieval\/\" rel=\"nofollow noopener\" target=\"_blank\">\n\t\t\t\t\t\t<span class=\"elementor-button-content-wrapper\">\n\t\t\t\t\t\t\t\t\t<span class=\"elementor-button-text\">M\u00e1s informaci\u00f3n<\/span>\n\t\t\t\t\t<\/span>\n\t\t\t\t\t<\/a>\n\t\t\t\t<\/div>\n\t\t\t\t\t\t\t\t<\/div>\n\t\t\t\t<\/div>\n\t\t\t\t<\/div>\n\t\t<div class=\"elementor-element elementor-element-2c58fa7 e-con-full e-flex e-con e-child\" data-id=\"2c58fa7\" data-element_type=\"container\" data-e-type=\"container\">\n\t\t\t\t<div class=\"elementor-element elementor-element-f3a2a68 elementor-widget__width-initial elementor-widget-tablet__width-inherit elementor-widget elementor-widget-text-editor\" data-id=\"f3a2a68\" data-element_type=\"widget\" data-e-type=\"widget\" data-widget_type=\"text-editor.default\">\n\t\t\t\t<div class=\"elementor-widget-container\">\n\t\t\t\t\t\t\t\t\t<p class=\"\" data-start=\"0\" data-end=\"308\">Sum\u00e9rjase en el coraz\u00f3n de la ciudad medieval de Carcasona y descubra un aut\u00e9ntico campamento medieval, que recrea la vida de un se\u00f1or que viaja para reunirse con sus s\u00fabditos. Este entorno inmersivo ofrece eventos hist\u00f3ricos, talleres educativos y demostraciones de artes medievales.<\/p><p class=\"\" data-start=\"310\" data-end=\"627\">No se pierda los Ateliers M\u00e9di\u00e9vaux, organizados todos los mi\u00e9rcoles, fines de semana y todos los d\u00edas durante las vacaciones escolares. Ideal para ni\u00f1os de 6 a 11 a\u00f1os, este evento les introduce en los oficios y habilidades de la Edad Media, a la vez que les proporciona una experiencia divertida y educativa.<\/p><p class=\"\" data-start=\"629\" data-end=\"799\">Traiga a toda la familia y explore el fascinante mundo de la Edad Media en la Cit\u00e9 de Carcassonne, una visita obligada para los amantes de la historia y el patrimonio.<\/p>\t\t\t\t\t\t\t\t<\/div>\n\t\t\t\t<\/div>\n\t\t\t\t<\/div>\n\t\t\t\t<\/div>\n\t\t\t\t\t<\/div>\n\t\t\t\t<\/div>\n\t\t\t\t<\/div>","protected":false},"excerpt":{"rendered":"<p>La cit\u00e9 m\u00e9di\u00e9vale Les diff\u00e9rentes visites dans la cit\u00e9 m\u00e9di\u00e9vale La Cit\u00e9 de Carcassonne l\u00e0 o\u00f9 l\u2019histoire r\u00e9sonne ! En savoir plus Faire des visites autour de Carcassonne, c\u2019est d\u2019abord faire un voyage dans le pass\u00e9, un retour jusqu\u2019\u00e0 2500 ans en arri\u00e8re. Nich\u00e9e au sommet d\u2019une colline, la Cit\u00e9 m\u00e9di\u00e9vale domine toute la ville [&hellip;]<\/p>\n","protected":false},"author":5,"featured_media":237,"parent":238,"menu_order":0,"comment_status":"closed","ping_status":"closed","template":"","meta":{"inline_featured_image":false,"footnotes":""},"class_list":["post-234","page","type-page","status-publish","has-post-thumbnail","hentry"],"_links":{"self":[{"href":"https:\/\/www.mercure-carcassonnelacite.com\/es\/wp-json\/wp\/v2\/pages\/234","targetHints":{"allow":["GET"]}}],"collection":[{"href":"https:\/\/www.mercure-carcassonnelacite.com\/es\/wp-json\/wp\/v2\/pages"}],"about":[{"href":"https:\/\/www.mercure-carcassonnelacite.com\/es\/wp-json\/wp\/v2\/types\/page"}],"author":[{"embeddable":true,"href":"https:\/\/www.mercure-carcassonnelacite.com\/es\/wp-json\/wp\/v2\/users\/5"}],"replies":[{"embeddable":true,"href":"https:\/\/www.mercure-carcassonnelacite.com\/es\/wp-json\/wp\/v2\/comments?post=234"}],"version-history":[{"count":26,"href":"https:\/\/www.mercure-carcassonnelacite.com\/es\/wp-json\/wp\/v2\/pages\/234\/revisions"}],"predecessor-version":[{"id":1459,"href":"https:\/\/www.mercure-carcassonnelacite.com\/es\/wp-json\/wp\/v2\/pages\/234\/revisions\/1459"}],"up":[{"embeddable":true,"href":"https:\/\/www.mercure-carcassonnelacite.com\/es\/wp-json\/wp\/v2\/pages\/238"}],"wp:featuredmedia":[{"embeddable":true,"href":"https:\/\/www.mercure-carcassonnelacite.com\/es\/wp-json\/wp\/v2\/media\/237"}],"wp:attachment":[{"href":"https:\/\/www.mercure-carcassonnelacite.com\/es\/wp-json\/wp\/v2\/media?parent=234"}],"curies":[{"name":"wp","href":"https:\/\/api.w.org\/{rel}","templated":true}]}}