{"id":225,"date":"2024-04-03T16:14:27","date_gmt":"2024-04-03T14:14:27","guid":{"rendered":"https:\/\/www.mercure-carcassonnelacite.com\/sites-naturels\/"},"modified":"2025-05-15T15:48:36","modified_gmt":"2025-05-15T13:48:36","slug":"parajes-naturales-senderismo-carcasona","status":"publish","type":"page","link":"https:\/\/www.mercure-carcassonnelacite.com\/es\/tourisme-visiter-carcassonne\/sites-naturels-randonnee-carcassonne\/","title":{"rendered":"Alrededores de Carcasona"},"content":{"rendered":"<div data-elementor-type=\"wp-page\" data-elementor-id=\"225\" class=\"elementor elementor-225\" data-elementor-post-type=\"page\">\n\t\t\t\t<div class=\"elementor-element elementor-element-32c9d47d e-flex e-con-boxed e-con e-parent\" data-id=\"32c9d47d\" data-element_type=\"container\" data-e-type=\"container\" data-settings=\"{&quot;background_background&quot;:&quot;classic&quot;}\">\n\t\t\t\t\t<div class=\"e-con-inner\">\n\t\t<div class=\"elementor-element elementor-element-201d8b05 e-flex e-con-boxed e-con e-child\" data-id=\"201d8b05\" data-element_type=\"container\" data-e-type=\"container\">\n\t\t\t\t\t<div class=\"e-con-inner\">\n\t\t\t\t<div class=\"elementor-element elementor-element-c062d16 elementor-widget elementor-widget-heading\" data-id=\"c062d16\" data-element_type=\"widget\" data-e-type=\"widget\" data-widget_type=\"heading.default\">\n\t\t\t\t<div class=\"elementor-widget-container\">\n\t\t\t\t\t<h1 class=\"elementor-heading-title elementor-size-default\">Alrededores de Carcasona<\/h1>\t\t\t\t<\/div>\n\t\t\t\t<\/div>\n\t\t\t\t\t<\/div>\n\t\t\t\t<\/div>\n\t\t\t\t\t<\/div>\n\t\t\t\t<\/div>\n\t\t<div class=\"elementor-element elementor-element-f3a3d53 e-flex e-con-boxed e-con e-parent\" data-id=\"f3a3d53\" data-element_type=\"container\" data-e-type=\"container\" data-settings=\"{&quot;background_background&quot;:&quot;classic&quot;}\">\n\t\t\t\t\t<div class=\"e-con-inner\">\n\t\t\t\t<div class=\"elementor-element elementor-element-8f53946 elementor-widget elementor-widget-image\" data-id=\"8f53946\" data-element_type=\"widget\" data-e-type=\"widget\" data-widget_type=\"image.default\">\n\t\t\t\t<div class=\"elementor-widget-container\">\n\t\t\t\t\t\t\t\t\t\t\t\t\t\t\t<img decoding=\"async\" width=\"110\" height=\"4\" src=\"https:\/\/www.mercure-carcassonnelacite.com\/wp-content\/uploads\/2025\/05\/Groupe-525.svg\" class=\"attachment-full size-full wp-image-1420\" alt=\"\" title=\"\">\t\t\t\t\t\t\t\t\t\t\t\t\t\t\t<\/div>\n\t\t\t\t<\/div>\n\t\t\t\t<div class=\"elementor-element elementor-element-5a3cf24 elementor-widget elementor-widget-heading\" data-id=\"5a3cf24\" data-element_type=\"widget\" data-e-type=\"widget\" data-widget_type=\"heading.default\">\n\t\t\t\t<div class=\"elementor-widget-container\">\n\t\t\t\t\t<h2 class=\"elementor-heading-title elementor-size-default\">Las diferentes actividades<\/h2>\t\t\t\t<\/div>\n\t\t\t\t<\/div>\n\t\t\t\t<div class=\"elementor-element elementor-element-843a12a elementor-widget elementor-widget-heading\" data-id=\"843a12a\" data-element_type=\"widget\" data-e-type=\"widget\" data-widget_type=\"heading.default\">\n\t\t\t\t<div class=\"elementor-widget-container\">\n\t\t\t\t\t<h3 class=\"elementor-heading-title elementor-size-default\">en el aude<\/h3>\t\t\t\t<\/div>\n\t\t\t\t<\/div>\n\t\t<div class=\"elementor-element elementor-element-09b92da e-con-full e-flex e-con e-child\" data-id=\"09b92da\" data-element_type=\"container\" data-e-type=\"container\" data-settings=\"{&quot;background_background&quot;:&quot;classic&quot;}\">\n\t\t\t\t<div class=\"elementor-element elementor-element-51ed93b elementor-absolute elementor-widget elementor-widget-image\" data-id=\"51ed93b\" data-element_type=\"widget\" data-e-type=\"widget\" data-settings=\"{&quot;_position&quot;:&quot;absolute&quot;}\" data-widget_type=\"image.default\">\n\t\t\t\t<div class=\"elementor-widget-container\">\n\t\t\t\t\t\t\t\t\t\t\t\t\t\t\t<img fetchpriority=\"high\" decoding=\"async\" width=\"410\" height=\"1353\" src=\"https:\/\/www.mercure-carcassonnelacite.com\/wp-content\/uploads\/2025\/05\/Groupe-998-2x.png\" class=\"attachment-full size-full wp-image-1441\" alt=\"\" srcset=\"https:\/\/www.mercure-carcassonnelacite.com\/wp-content\/uploads\/2025\/05\/Groupe-998-2x.png 410w, https:\/\/www.mercure-carcassonnelacite.com\/wp-content\/uploads\/2025\/05\/Groupe-998-2x-91x300.png 91w, https:\/\/www.mercure-carcassonnelacite.com\/wp-content\/uploads\/2025\/05\/Groupe-998-2x-310x1024.png 310w, https:\/\/www.mercure-carcassonnelacite.com\/wp-content\/uploads\/2025\/05\/Groupe-998-2x-4x12.png 4w\" sizes=\"(max-width: 410px) 100vw, 410px\" title=\"\">\t\t\t\t\t\t\t\t\t\t\t\t\t\t\t<\/div>\n\t\t\t\t<\/div>\n\t\t<div class=\"elementor-element elementor-element-4f62a22 e-con-full e-flex e-con e-child\" data-id=\"4f62a22\" data-element_type=\"container\" data-e-type=\"container\" data-settings=\"{&quot;background_background&quot;:&quot;classic&quot;}\">\n\t\t\t\t<div class=\"elementor-element elementor-element-3b4e004 elementor-widget elementor-widget-image\" data-id=\"3b4e004\" data-element_type=\"widget\" data-e-type=\"widget\" data-widget_type=\"image.default\">\n\t\t\t\t<div class=\"elementor-widget-container\">\n\t\t\t\t\t\t\t\t\t\t\t\t\t\t\t<img decoding=\"async\" width=\"110\" height=\"4\" src=\"https:\/\/www.mercure-carcassonnelacite.com\/wp-content\/uploads\/2025\/05\/Groupe-525.svg\" class=\"attachment-full size-full wp-image-1420\" alt=\"\" title=\"\">\t\t\t\t\t\t\t\t\t\t\t\t\t\t\t<\/div>\n\t\t\t\t<\/div>\n\t\t\t\t<div class=\"elementor-element elementor-element-a75c49a elementor-widget elementor-widget-heading\" data-id=\"a75c49a\" data-element_type=\"widget\" data-e-type=\"widget\" data-widget_type=\"heading.default\">\n\t\t\t\t<div class=\"elementor-widget-container\">\n\t\t\t\t\t<h2 class=\"elementor-heading-title elementor-size-default\">El pueblo de los libros<\/h2>\t\t\t\t<\/div>\n\t\t\t\t<\/div>\n\t\t\t\t<div class=\"elementor-element elementor-element-ff30d2c elementor-widget elementor-widget-heading\" data-id=\"ff30d2c\" data-element_type=\"widget\" data-e-type=\"widget\" data-widget_type=\"heading.default\">\n\t\t\t\t<div class=\"elementor-widget-container\">\n\t\t\t\t\t<h3 class=\"elementor-heading-title elementor-size-default\">en Montolieu<\/h3>\t\t\t\t<\/div>\n\t\t\t\t<\/div>\n\t\t\t\t<div class=\"elementor-element elementor-element-8ed173a btn-border elementor-widget elementor-widget-button\" data-id=\"8ed173a\" data-element_type=\"widget\" data-e-type=\"widget\" data-widget_type=\"button.default\">\n\t\t\t\t<div class=\"elementor-widget-container\">\n\t\t\t\t\t\t\t\t\t<div class=\"elementor-button-wrapper\">\n\t\t\t\t\t<a class=\"elementor-button elementor-button-link elementor-size-sm\" href=\"https:\/\/www.grand-carcassonne-tourisme.fr\/la-destination\/nos-beaux-villages\/montolieu-village-du-livre-et-des-arts\/\" rel=\"nofollow noopener\" target=\"_blank\">\n\t\t\t\t\t\t<span class=\"elementor-button-content-wrapper\">\n\t\t\t\t\t\t\t\t\t<span class=\"elementor-button-text\">visite<\/span>\n\t\t\t\t\t<\/span>\n\t\t\t\t\t<\/a>\n\t\t\t\t<\/div>\n\t\t\t\t\t\t\t\t<\/div>\n\t\t\t\t<\/div>\n\t\t\t\t<\/div>\n\t\t<div class=\"elementor-element elementor-element-781c481 e-con-full e-flex e-con e-child\" data-id=\"781c481\" data-element_type=\"container\" data-e-type=\"container\">\n\t\t\t\t<div class=\"elementor-element elementor-element-67f0ad2 elementor-widget__width-initial elementor-widget-tablet__width-inherit elementor-widget elementor-widget-text-editor\" data-id=\"67f0ad2\" data-element_type=\"widget\" data-e-type=\"widget\" data-widget_type=\"text-editor.default\">\n\t\t\t\t<div class=\"elementor-widget-container\">\n\t\t\t\t\t\t\t\t\t<p class=\"\" data-start=\"0\" data-end=\"56\"><strong data-start=\"0\" data-end=\"54\">Montolieu, un pueblo dedicado al libro y a las artes<\/strong><\/p><p class=\"\" data-start=\"58\" data-end=\"623\">A s\u00f3lo 20 minutos al noroeste de Carcasona, Montolieu, Village du Livre &amp; des Arts, le abre sus puertas. Este para\u00edso cultural re\u00fane a una quincena de libreros, artistas y artesanos, as\u00ed como al Mus\u00e9e des Arts et M\u00e9tiers du Livre. Tambi\u00e9n encontrar\u00e1 el Mus\u00e9e d'art brut et d'art singulier C\u00e9r\u00e8s-Franco, actualmente cerrado por renovaci\u00f3n hasta 2026. Con sus galer\u00edas, peque\u00f1as boutiques, tiendas y restaurantes, Montolieu tiene todo lo necesario para pasar un d\u00eda estupendo. Montolieu tambi\u00e9n forma parte de la red Ville et M\u00e9tiers d'Art.<\/p>\t\t\t\t\t\t\t\t<\/div>\n\t\t\t\t<\/div>\n\t\t\t\t<\/div>\n\t\t\t\t<\/div>\n\t\t<div class=\"elementor-element elementor-element-4418b4b e-con-full e-flex e-con e-child\" data-id=\"4418b4b\" data-element_type=\"container\" data-e-type=\"container\">\n\t\t<div class=\"elementor-element elementor-element-842ef14 e-con-full e-flex e-con e-child\" data-id=\"842ef14\" data-element_type=\"container\" data-e-type=\"container\">\n\t\t\t\t<div class=\"elementor-element elementor-element-d10c2c2 elementor-widget__width-inherit elementor-widget elementor-widget-text-editor\" data-id=\"d10c2c2\" data-element_type=\"widget\" data-e-type=\"widget\" data-widget_type=\"text-editor.default\">\n\t\t\t\t<div class=\"elementor-widget-container\">\n\t\t\t\t\t\t\t\t\t<p data-pm-slice=\"1 1 []\">El Pays Cathare es un destino fascinante que combina patrimonio hist\u00f3rico, magn\u00edficos paisajes y tradiciones aut\u00e9nticas. Esta zona, marcada por la historia de los c\u00e1taros, ofrece a los visitantes una inmersi\u00f3n \u00fanica en un cautivador pasado medieval, al tiempo que les permite disfrutar de la belleza natural de la regi\u00f3n.<\/p>\t\t\t\t\t\t\t\t<\/div>\n\t\t\t\t<\/div>\n\t\t\t\t<div class=\"elementor-element elementor-element-04ceb0a btn-border elementor-widget elementor-widget-button\" data-id=\"04ceb0a\" data-element_type=\"widget\" data-e-type=\"widget\" data-widget_type=\"button.default\">\n\t\t\t\t<div class=\"elementor-widget-container\">\n\t\t\t\t\t\t\t\t\t<div class=\"elementor-button-wrapper\">\n\t\t\t\t\t<a class=\"elementor-button elementor-button-link elementor-size-sm\" href=\"https:\/\/www.payscathare.org\/un-reseau-de-monuments-en-aude-pays-cathare\" rel=\"nofollow noopener\" target=\"_blank\">\n\t\t\t\t\t\t<span class=\"elementor-button-content-wrapper\">\n\t\t\t\t\t\t\t\t\t<span class=\"elementor-button-text\">visite<\/span>\n\t\t\t\t\t<\/span>\n\t\t\t\t\t<\/a>\n\t\t\t\t<\/div>\n\t\t\t\t\t\t\t\t<\/div>\n\t\t\t\t<\/div>\n\t\t\t\t<\/div>\n\t\t<div class=\"elementor-element elementor-element-9605b68 e-con-full e-flex e-con e-child\" data-id=\"9605b68\" data-element_type=\"container\" data-e-type=\"container\" data-settings=\"{&quot;background_background&quot;:&quot;classic&quot;}\">\n\t\t\t\t<div class=\"elementor-element elementor-element-0028672 elementor-widget elementor-widget-image\" data-id=\"0028672\" data-element_type=\"widget\" data-e-type=\"widget\" data-widget_type=\"image.default\">\n\t\t\t\t<div class=\"elementor-widget-container\">\n\t\t\t\t\t\t\t\t\t\t\t\t\t\t\t<img decoding=\"async\" width=\"110\" height=\"4\" src=\"https:\/\/www.mercure-carcassonnelacite.com\/wp-content\/uploads\/2025\/05\/Groupe-525.svg\" class=\"attachment-full size-full wp-image-1420\" alt=\"\" title=\"\">\t\t\t\t\t\t\t\t\t\t\t\t\t\t\t<\/div>\n\t\t\t\t<\/div>\n\t\t\t\t<div class=\"elementor-element elementor-element-7c2a53d elementor-widget elementor-widget-heading\" data-id=\"7c2a53d\" data-element_type=\"widget\" data-e-type=\"widget\" data-widget_type=\"heading.default\">\n\t\t\t\t<div class=\"elementor-widget-container\">\n\t\t\t\t\t<h2 class=\"elementor-heading-title elementor-size-default\">Pa\u00eds c\u00e1taro<\/h2>\t\t\t\t<\/div>\n\t\t\t\t<\/div>\n\t\t\t\t<div class=\"elementor-element elementor-element-5efe9a4 elementor-widget elementor-widget-heading\" data-id=\"5efe9a4\" data-element_type=\"widget\" data-e-type=\"widget\" data-widget_type=\"heading.default\">\n\t\t\t\t<div class=\"elementor-widget-container\">\n\t\t\t\t\t<h3 class=\"elementor-heading-title elementor-size-default\">Castillos y abad\u00edas<\/h3>\t\t\t\t<\/div>\n\t\t\t\t<\/div>\n\t\t\t\t<div class=\"elementor-element elementor-element-916a296 elementor-absolute elementor-widget elementor-widget-image\" data-id=\"916a296\" data-element_type=\"widget\" data-e-type=\"widget\" data-settings=\"{&quot;_position&quot;:&quot;absolute&quot;}\" data-widget_type=\"image.default\">\n\t\t\t\t<div class=\"elementor-widget-container\">\n\t\t\t\t\t\t\t\t\t\t\t\t\t\t\t<img fetchpriority=\"high\" decoding=\"async\" width=\"410\" height=\"1353\" src=\"https:\/\/www.mercure-carcassonnelacite.com\/wp-content\/uploads\/2025\/05\/Groupe-998-2x.png\" class=\"attachment-full size-full wp-image-1441\" alt=\"\" srcset=\"https:\/\/www.mercure-carcassonnelacite.com\/wp-content\/uploads\/2025\/05\/Groupe-998-2x.png 410w, https:\/\/www.mercure-carcassonnelacite.com\/wp-content\/uploads\/2025\/05\/Groupe-998-2x-91x300.png 91w, https:\/\/www.mercure-carcassonnelacite.com\/wp-content\/uploads\/2025\/05\/Groupe-998-2x-310x1024.png 310w, https:\/\/www.mercure-carcassonnelacite.com\/wp-content\/uploads\/2025\/05\/Groupe-998-2x-4x12.png 4w\" sizes=\"(max-width: 410px) 100vw, 410px\" title=\"\">\t\t\t\t\t\t\t\t\t\t\t\t\t\t\t<\/div>\n\t\t\t\t<\/div>\n\t\t\t\t<\/div>\n\t\t\t\t<\/div>\n\t\t<div class=\"elementor-element elementor-element-398f03e e-con-full bg-white e-flex e-con e-child\" data-id=\"398f03e\" data-element_type=\"container\" data-e-type=\"container\">\n\t\t<div class=\"elementor-element elementor-element-4ade05c e-con-full e-flex e-con e-child\" data-id=\"4ade05c\" data-element_type=\"container\" data-e-type=\"container\" data-settings=\"{&quot;background_background&quot;:&quot;classic&quot;}\">\n\t\t\t\t<div class=\"elementor-element elementor-element-a2b137a elementor-absolute elementor-widget elementor-widget-image\" data-id=\"a2b137a\" data-element_type=\"widget\" data-e-type=\"widget\" data-settings=\"{&quot;_position&quot;:&quot;absolute&quot;}\" data-widget_type=\"image.default\">\n\t\t\t\t<div class=\"elementor-widget-container\">\n\t\t\t\t\t\t\t\t\t\t\t\t\t\t\t<img fetchpriority=\"high\" decoding=\"async\" width=\"410\" height=\"1353\" src=\"https:\/\/www.mercure-carcassonnelacite.com\/wp-content\/uploads\/2025\/05\/Groupe-998-2x.png\" class=\"attachment-full size-full wp-image-1441\" alt=\"\" srcset=\"https:\/\/www.mercure-carcassonnelacite.com\/wp-content\/uploads\/2025\/05\/Groupe-998-2x.png 410w, https:\/\/www.mercure-carcassonnelacite.com\/wp-content\/uploads\/2025\/05\/Groupe-998-2x-91x300.png 91w, https:\/\/www.mercure-carcassonnelacite.com\/wp-content\/uploads\/2025\/05\/Groupe-998-2x-310x1024.png 310w, https:\/\/www.mercure-carcassonnelacite.com\/wp-content\/uploads\/2025\/05\/Groupe-998-2x-4x12.png 4w\" sizes=\"(max-width: 410px) 100vw, 410px\" title=\"\">\t\t\t\t\t\t\t\t\t\t\t\t\t\t\t<\/div>\n\t\t\t\t<\/div>\n\t\t\t\t<div class=\"elementor-element elementor-element-3819cda elementor-widget elementor-widget-image\" data-id=\"3819cda\" data-element_type=\"widget\" data-e-type=\"widget\" data-widget_type=\"image.default\">\n\t\t\t\t<div class=\"elementor-widget-container\">\n\t\t\t\t\t\t\t\t\t\t\t\t\t\t\t<img decoding=\"async\" width=\"110\" height=\"4\" src=\"https:\/\/www.mercure-carcassonnelacite.com\/wp-content\/uploads\/2025\/05\/Groupe-525.svg\" class=\"attachment-full size-full wp-image-1420\" alt=\"\" title=\"\">\t\t\t\t\t\t\t\t\t\t\t\t\t\t\t<\/div>\n\t\t\t\t<\/div>\n\t\t\t\t<div class=\"elementor-element elementor-element-36fbdb5 elementor-widget elementor-widget-heading\" data-id=\"36fbdb5\" data-element_type=\"widget\" data-e-type=\"widget\" data-widget_type=\"heading.default\">\n\t\t\t\t<div class=\"elementor-widget-container\">\n\t\t\t\t\t<h2 class=\"elementor-heading-title elementor-size-default\">El Canal du Midi<\/h2>\t\t\t\t<\/div>\n\t\t\t\t<\/div>\n\t\t\t\t<div class=\"elementor-element elementor-element-0a68ac0 elementor-widget elementor-widget-heading\" data-id=\"0a68ac0\" data-element_type=\"widget\" data-e-type=\"widget\" data-widget_type=\"heading.default\">\n\t\t\t\t<div class=\"elementor-widget-container\">\n\t\t\t\t\t<h3 class=\"elementor-heading-title elementor-size-default\">paseo tranquilo<\/h3>\t\t\t\t<\/div>\n\t\t\t\t<\/div>\n\t\t\t\t<div class=\"elementor-element elementor-element-e4f36bb btn-border elementor-widget elementor-widget-button\" data-id=\"e4f36bb\" data-element_type=\"widget\" data-e-type=\"widget\" data-widget_type=\"button.default\">\n\t\t\t\t<div class=\"elementor-widget-container\">\n\t\t\t\t\t\t\t\t\t<div class=\"elementor-button-wrapper\">\n\t\t\t\t\t<a class=\"elementor-button elementor-button-link elementor-size-sm\" href=\"https:\/\/www.tourisme-carcassonne.fr\/decouvrir\/le-canal-du-midi\/\" rel=\"nofollow noopener\" target=\"_blank\">\n\t\t\t\t\t\t<span class=\"elementor-button-content-wrapper\">\n\t\t\t\t\t\t\t\t\t<span class=\"elementor-button-text\">visite<\/span>\n\t\t\t\t\t<\/span>\n\t\t\t\t\t<\/a>\n\t\t\t\t<\/div>\n\t\t\t\t\t\t\t\t<\/div>\n\t\t\t\t<\/div>\n\t\t\t\t<\/div>\n\t\t<div class=\"elementor-element elementor-element-06edd1d e-con-full e-flex e-con e-child\" data-id=\"06edd1d\" data-element_type=\"container\" data-e-type=\"container\">\n\t\t\t\t<div class=\"elementor-element elementor-element-6c26a49 elementor-widget__width-inherit elementor-widget elementor-widget-text-editor\" data-id=\"6c26a49\" data-element_type=\"widget\" data-e-type=\"widget\" data-widget_type=\"text-editor.default\">\n\t\t\t\t<div class=\"elementor-widget-container\">\n\t\t\t\t\t\t\t\t\t<p>Por \u00faltimo, un crucero por el Canal du Midi es una experiencia apacible. Ver pasar los magn\u00edficos paisajes al ritmo del agua aporta paz y relajaci\u00f3n. Declarado Patrimonio de la Humanidad por la UNESCO, el Canal du Midi se extiende a lo largo de 240 km, desde los que se divisa la ciudad medieval de Carcasona.<\/p>\t\t\t\t\t\t\t\t<\/div>\n\t\t\t\t<\/div>\n\t\t\t\t<\/div>\n\t\t\t\t<\/div>\n\t\t<div class=\"elementor-element elementor-element-1d104ec e-con-full e-flex e-con e-child\" data-id=\"1d104ec\" data-element_type=\"container\" data-e-type=\"container\">\n\t\t<div class=\"elementor-element elementor-element-58eea05 e-con-full e-flex e-con e-child\" data-id=\"58eea05\" data-element_type=\"container\" data-e-type=\"container\">\n\t\t\t\t<div class=\"elementor-element elementor-element-58a6be3 elementor-widget__width-inherit elementor-widget elementor-widget-text-editor\" data-id=\"58a6be3\" data-element_type=\"widget\" data-e-type=\"widget\" data-widget_type=\"text-editor.default\">\n\t\t\t\t<div class=\"elementor-widget-container\">\n\t\t\t\t\t\t\t\t\t<p>Dir\u00edjase a la sima de Cabrespine para practicar arborismo subterr\u00e1neo. Encontrar\u00e1s tirolinas, puentes de mono y escalada de pared de una forma original, ya que se trata de una aventura en una cueva.<\/p>\t\t\t\t\t\t\t\t<\/div>\n\t\t\t\t<\/div>\n\t\t\t\t<div class=\"elementor-element elementor-element-c6b85f8 btn-border elementor-widget elementor-widget-button\" data-id=\"c6b85f8\" data-element_type=\"widget\" data-e-type=\"widget\" data-widget_type=\"button.default\">\n\t\t\t\t<div class=\"elementor-widget-container\">\n\t\t\t\t\t\t\t\t\t<div class=\"elementor-button-wrapper\">\n\t\t\t\t\t<a class=\"elementor-button elementor-button-link elementor-size-sm\" href=\"https:\/\/www.grand-carcassonne-tourisme.fr\/la-destination\/nos-incontournables\/gouffre-geant-de-cabrespine\/\" rel=\"nofollow noopener\" target=\"_blank\">\n\t\t\t\t\t\t<span class=\"elementor-button-content-wrapper\">\n\t\t\t\t\t\t\t\t\t<span class=\"elementor-button-text\">visite<\/span>\n\t\t\t\t\t<\/span>\n\t\t\t\t\t<\/a>\n\t\t\t\t<\/div>\n\t\t\t\t\t\t\t\t<\/div>\n\t\t\t\t<\/div>\n\t\t\t\t<\/div>\n\t\t<div class=\"elementor-element elementor-element-dc89b48 e-con-full e-flex e-con e-child\" data-id=\"dc89b48\" data-element_type=\"container\" data-e-type=\"container\" data-settings=\"{&quot;background_background&quot;:&quot;classic&quot;}\">\n\t\t\t\t<div class=\"elementor-element elementor-element-4f3542a elementor-widget elementor-widget-image\" data-id=\"4f3542a\" data-element_type=\"widget\" data-e-type=\"widget\" data-widget_type=\"image.default\">\n\t\t\t\t<div class=\"elementor-widget-container\">\n\t\t\t\t\t\t\t\t\t\t\t\t\t\t\t<img decoding=\"async\" width=\"110\" height=\"4\" src=\"https:\/\/www.mercure-carcassonnelacite.com\/wp-content\/uploads\/2025\/05\/Groupe-525.svg\" class=\"attachment-full size-full wp-image-1420\" alt=\"\" title=\"\">\t\t\t\t\t\t\t\t\t\t\t\t\t\t\t<\/div>\n\t\t\t\t<\/div>\n\t\t\t\t<div class=\"elementor-element elementor-element-5e35919 elementor-widget elementor-widget-heading\" data-id=\"5e35919\" data-element_type=\"widget\" data-e-type=\"widget\" data-widget_type=\"heading.default\">\n\t\t\t\t<div class=\"elementor-widget-container\">\n\t\t\t\t\t<h2 class=\"elementor-heading-title elementor-size-default\">El abismo de Cabrespine<\/h2>\t\t\t\t<\/div>\n\t\t\t\t<\/div>\n\t\t\t\t<div class=\"elementor-element elementor-element-7ee0cad elementor-widget elementor-widget-heading\" data-id=\"7ee0cad\" data-element_type=\"widget\" data-e-type=\"widget\" data-widget_type=\"heading.default\">\n\t\t\t\t<div class=\"elementor-widget-container\">\n\t\t\t\t\t<h3 class=\"elementor-heading-title elementor-size-default\">un adicto a las cavernas<\/h3>\t\t\t\t<\/div>\n\t\t\t\t<\/div>\n\t\t\t\t<div class=\"elementor-element elementor-element-ac7a211 elementor-absolute elementor-widget elementor-widget-image\" data-id=\"ac7a211\" data-element_type=\"widget\" data-e-type=\"widget\" data-settings=\"{&quot;_position&quot;:&quot;absolute&quot;}\" data-widget_type=\"image.default\">\n\t\t\t\t<div class=\"elementor-widget-container\">\n\t\t\t\t\t\t\t\t\t\t\t\t\t\t\t<img fetchpriority=\"high\" decoding=\"async\" width=\"410\" height=\"1353\" src=\"https:\/\/www.mercure-carcassonnelacite.com\/wp-content\/uploads\/2025\/05\/Groupe-998-2x.png\" class=\"attachment-full size-full wp-image-1441\" alt=\"\" srcset=\"https:\/\/www.mercure-carcassonnelacite.com\/wp-content\/uploads\/2025\/05\/Groupe-998-2x.png 410w, https:\/\/www.mercure-carcassonnelacite.com\/wp-content\/uploads\/2025\/05\/Groupe-998-2x-91x300.png 91w, https:\/\/www.mercure-carcassonnelacite.com\/wp-content\/uploads\/2025\/05\/Groupe-998-2x-310x1024.png 310w, https:\/\/www.mercure-carcassonnelacite.com\/wp-content\/uploads\/2025\/05\/Groupe-998-2x-4x12.png 4w\" sizes=\"(max-width: 410px) 100vw, 410px\" title=\"\">\t\t\t\t\t\t\t\t\t\t\t\t\t\t\t<\/div>\n\t\t\t\t<\/div>\n\t\t\t\t<\/div>\n\t\t\t\t<\/div>\n\t\t\t\t\t<\/div>\n\t\t\t\t<\/div>\n\t\t\t\t<\/div>","protected":false},"excerpt":{"rendered":"<p>Autour de Carcassonne Les diff\u00e9rentes activit\u00e9s dans l&rsquo;aude Le village du livre \u00e0 Montolieu d\u00e9couvrir Montolieu, un village d\u00e9di\u00e9 aux livres et aux arts \u00c0 seulement 20 minutes au nord-ouest de Carcassonne, Montolieu, Village du Livre &amp; des Arts, vous ouvre ses portes. Ce havre culturel rassemble une quinzaine de libraires et bouquinistes, des artistes [&hellip;]<\/p>\n","protected":false},"author":5,"featured_media":1491,"parent":238,"menu_order":0,"comment_status":"closed","ping_status":"closed","template":"","meta":{"inline_featured_image":false,"footnotes":""},"class_list":["post-225","page","type-page","status-publish","has-post-thumbnail","hentry"],"_links":{"self":[{"href":"https:\/\/www.mercure-carcassonnelacite.com\/es\/wp-json\/wp\/v2\/pages\/225","targetHints":{"allow":["GET"]}}],"collection":[{"href":"https:\/\/www.mercure-carcassonnelacite.com\/es\/wp-json\/wp\/v2\/pages"}],"about":[{"href":"https:\/\/www.mercure-carcassonnelacite.com\/es\/wp-json\/wp\/v2\/types\/page"}],"author":[{"embeddable":true,"href":"https:\/\/www.mercure-carcassonnelacite.com\/es\/wp-json\/wp\/v2\/users\/5"}],"replies":[{"embeddable":true,"href":"https:\/\/www.mercure-carcassonnelacite.com\/es\/wp-json\/wp\/v2\/comments?post=225"}],"version-history":[{"count":29,"href":"https:\/\/www.mercure-carcassonnelacite.com\/es\/wp-json\/wp\/v2\/pages\/225\/revisions"}],"predecessor-version":[{"id":1449,"href":"https:\/\/www.mercure-carcassonnelacite.com\/es\/wp-json\/wp\/v2\/pages\/225\/revisions\/1449"}],"up":[{"embeddable":true,"href":"https:\/\/www.mercure-carcassonnelacite.com\/es\/wp-json\/wp\/v2\/pages\/238"}],"wp:featuredmedia":[{"embeddable":true,"href":"https:\/\/www.mercure-carcassonnelacite.com\/es\/wp-json\/wp\/v2\/media\/1491"}],"wp:attachment":[{"href":"https:\/\/www.mercure-carcassonnelacite.com\/es\/wp-json\/wp\/v2\/media?parent=225"}],"curies":[{"name":"wp","href":"https:\/\/api.w.org\/{rel}","templated":true}]}}