{"id":1481,"date":"2025-05-15T15:44:05","date_gmt":"2025-05-15T13:44:05","guid":{"rendered":"https:\/\/www.mercure-carcassonnelacite.com\/?page_id=1481"},"modified":"2025-05-15T15:45:58","modified_gmt":"2025-05-15T13:45:58","slug":"wines","status":"publish","type":"page","link":"https:\/\/www.mercure-carcassonnelacite.com\/en\/tourisme-visiter-carcassonne\/vins\/","title":{"rendered":"wines"},"content":{"rendered":"<div data-elementor-type=\"wp-page\" data-elementor-id=\"1481\" class=\"elementor elementor-1481\" data-elementor-post-type=\"page\">\n\t\t\t\t<div class=\"elementor-element elementor-element-78e21ba1 e-flex e-con-boxed e-con e-parent\" data-id=\"78e21ba1\" data-element_type=\"container\" data-e-type=\"container\" data-settings=\"{&quot;background_background&quot;:&quot;classic&quot;}\">\n\t\t\t\t\t<div class=\"e-con-inner\">\n\t\t<div class=\"elementor-element elementor-element-6d9376d0 e-flex e-con-boxed e-con e-child\" data-id=\"6d9376d0\" data-element_type=\"container\" data-e-type=\"container\">\n\t\t\t\t\t<div class=\"e-con-inner\">\n\t\t\t\t<div class=\"elementor-element elementor-element-23539a0a elementor-widget elementor-widget-heading\" data-id=\"23539a0a\" data-element_type=\"widget\" data-e-type=\"widget\" data-widget_type=\"heading.default\">\n\t\t\t\t<div class=\"elementor-widget-container\">\n\t\t\t\t\t<h1 class=\"elementor-heading-title elementor-size-default\">\"Great Wines in Great Carcassonne<\/h1>\t\t\t\t<\/div>\n\t\t\t\t<\/div>\n\t\t\t\t\t<\/div>\n\t\t\t\t<\/div>\n\t\t\t\t\t<\/div>\n\t\t\t\t<\/div>\n\t\t<div class=\"elementor-element elementor-element-1ddee2c e-flex e-con-boxed e-con e-parent\" data-id=\"1ddee2c\" data-element_type=\"container\" data-e-type=\"container\" data-settings=\"{&quot;background_background&quot;:&quot;classic&quot;}\">\n\t\t\t\t\t<div class=\"e-con-inner\">\n\t\t\t\t<div class=\"elementor-element elementor-element-cdf784e elementor-widget elementor-widget-image\" data-id=\"cdf784e\" data-element_type=\"widget\" data-e-type=\"widget\" data-widget_type=\"image.default\">\n\t\t\t\t<div class=\"elementor-widget-container\">\n\t\t\t\t\t\t\t\t\t\t\t\t\t\t\t<img decoding=\"async\" width=\"110\" height=\"4\" src=\"https:\/\/www.mercure-carcassonnelacite.com\/wp-content\/uploads\/2025\/05\/Groupe-525.svg\" class=\"attachment-full size-full wp-image-1420\" alt=\"\" title=\"\">\t\t\t\t\t\t\t\t\t\t\t\t\t\t\t<\/div>\n\t\t\t\t<\/div>\n\t\t\t\t<div class=\"elementor-element elementor-element-60614f6 elementor-widget elementor-widget-heading\" data-id=\"60614f6\" data-element_type=\"widget\" data-e-type=\"widget\" data-widget_type=\"heading.default\">\n\t\t\t\t<div class=\"elementor-widget-container\">\n\t\t\t\t\t<h2 class=\"elementor-heading-title elementor-size-default\">A wine tourism destination<\/h2>\t\t\t\t<\/div>\n\t\t\t\t<\/div>\n\t\t\t\t<div class=\"elementor-element elementor-element-9806666 elementor-widget elementor-widget-heading\" data-id=\"9806666\" data-element_type=\"widget\" data-e-type=\"widget\" data-widget_type=\"heading.default\">\n\t\t\t\t<div class=\"elementor-widget-container\">\n\t\t\t\t\t<h3 class=\"elementor-heading-title elementor-size-default\">wine experiences<\/h3>\t\t\t\t<\/div>\n\t\t\t\t<\/div>\n\t\t<div class=\"elementor-element elementor-element-fe13640 e-con-full e-flex e-con e-child\" data-id=\"fe13640\" data-element_type=\"container\" data-e-type=\"container\" data-settings=\"{&quot;background_background&quot;:&quot;classic&quot;}\">\n\t\t\t\t<div class=\"elementor-element elementor-element-c67d434 elementor-absolute elementor-widget elementor-widget-image\" data-id=\"c67d434\" data-element_type=\"widget\" data-e-type=\"widget\" data-settings=\"{&quot;_position&quot;:&quot;absolute&quot;}\" data-widget_type=\"image.default\">\n\t\t\t\t<div class=\"elementor-widget-container\">\n\t\t\t\t\t\t\t\t\t\t\t\t\t\t\t<img fetchpriority=\"high\" decoding=\"async\" width=\"410\" height=\"1353\" src=\"https:\/\/www.mercure-carcassonnelacite.com\/wp-content\/uploads\/2025\/05\/Groupe-998-2x.png\" class=\"attachment-full size-full wp-image-1441\" alt=\"\" srcset=\"https:\/\/www.mercure-carcassonnelacite.com\/wp-content\/uploads\/2025\/05\/Groupe-998-2x.png 410w, https:\/\/www.mercure-carcassonnelacite.com\/wp-content\/uploads\/2025\/05\/Groupe-998-2x-91x300.png 91w, https:\/\/www.mercure-carcassonnelacite.com\/wp-content\/uploads\/2025\/05\/Groupe-998-2x-310x1024.png 310w, https:\/\/www.mercure-carcassonnelacite.com\/wp-content\/uploads\/2025\/05\/Groupe-998-2x-4x12.png 4w\" sizes=\"(max-width: 410px) 100vw, 410px\" title=\"\">\t\t\t\t\t\t\t\t\t\t\t\t\t\t\t<\/div>\n\t\t\t\t<\/div>\n\t\t<div class=\"elementor-element elementor-element-7e0bc28 e-con-full e-flex e-con e-child\" data-id=\"7e0bc28\" data-element_type=\"container\" data-e-type=\"container\" data-settings=\"{&quot;background_background&quot;:&quot;classic&quot;}\">\n\t\t\t\t<div class=\"elementor-element elementor-element-9019d45 elementor-widget elementor-widget-image\" data-id=\"9019d45\" data-element_type=\"widget\" data-e-type=\"widget\" data-widget_type=\"image.default\">\n\t\t\t\t<div class=\"elementor-widget-container\">\n\t\t\t\t\t\t\t\t\t\t\t\t\t\t\t<img decoding=\"async\" width=\"110\" height=\"4\" src=\"https:\/\/www.mercure-carcassonnelacite.com\/wp-content\/uploads\/2025\/05\/Groupe-525.svg\" class=\"attachment-full size-full wp-image-1420\" alt=\"\" title=\"\">\t\t\t\t\t\t\t\t\t\t\t\t\t\t\t<\/div>\n\t\t\t\t<\/div>\n\t\t\t\t<div class=\"elementor-element elementor-element-48cfd74 elementor-widget elementor-widget-heading\" data-id=\"48cfd74\" data-element_type=\"widget\" data-e-type=\"widget\" data-widget_type=\"heading.default\">\n\t\t\t\t<div class=\"elementor-widget-container\">\n\t\t\t\t\t<h2 class=\"elementor-heading-title elementor-size-default\">Vignobles &amp; d\u00e9couvertes label<\/h2>\t\t\t\t<\/div>\n\t\t\t\t<\/div>\n\t\t\t\t<div class=\"elementor-element elementor-element-1042f39 elementor-widget elementor-widget-heading\" data-id=\"1042f39\" data-element_type=\"widget\" data-e-type=\"widget\" data-widget_type=\"heading.default\">\n\t\t\t\t<div class=\"elementor-widget-container\">\n\t\t\t\t\t<h3 class=\"elementor-heading-title elementor-size-default\">in the mountains or forests<\/h3>\t\t\t\t<\/div>\n\t\t\t\t<\/div>\n\t\t\t\t<\/div>\n\t\t<div class=\"elementor-element elementor-element-caa01b2 e-con-full e-flex e-con e-child\" data-id=\"caa01b2\" data-element_type=\"container\" data-e-type=\"container\">\n\t\t\t\t<div class=\"elementor-element elementor-element-e75df47 elementor-widget__width-initial elementor-widget-tablet__width-inherit elementor-widget elementor-widget-text-editor\" data-id=\"e75df47\" data-element_type=\"widget\" data-e-type=\"widget\" data-widget_type=\"text-editor.default\">\n\t\t\t\t<div class=\"elementor-widget-container\">\n\t\t\t\t\t\t\t\t\t<p>Launched in 2006, the Vignobles &amp; D\u00e9couvertes label is awarded for a period of three years by Atout France, on the recommendation of the Conseil Sup\u00e9rieur de l'\u0152notourisme. It is awarded to destinations that combine tourism and viticulture, offering a varied and complementary range of tourist services. This label helps visitors to organise their stay by guaranteeing quality services.<\/p>\t\t\t\t\t\t\t\t<\/div>\n\t\t\t\t<\/div>\n\t\t\t\t<\/div>\n\t\t\t\t<\/div>\n\t\t<div class=\"elementor-element elementor-element-bc7ec32 e-con-full e-flex e-con e-child\" data-id=\"bc7ec32\" data-element_type=\"container\" data-e-type=\"container\">\n\t\t<div class=\"elementor-element elementor-element-5c5bf00 e-con-full e-flex e-con e-child\" data-id=\"5c5bf00\" data-element_type=\"container\" data-e-type=\"container\">\n\t\t\t\t<div class=\"elementor-element elementor-element-557a676 elementor-widget__width-inherit elementor-widget elementor-widget-text-editor\" data-id=\"557a676\" data-element_type=\"widget\" data-e-type=\"widget\" data-widget_type=\"text-editor.default\">\n\t\t\t\t<div class=\"elementor-widget-container\">\n\t\t\t\t\t\t\t\t\t<p data-pm-slice=\"1 1 []\">The Aude, the jewel in the crown of the Languedoc, is a land of vineyards and sumptuous landscapes, where wine tasting goes perfectly with hiking. Meet passionate winegrowers and discover unique wine-tourism circuits between the sea and the mountains.<\/p><p data-pm-slice=\"1 1 []\">The Aude offers a host of waymarked footpaths through the emblematic terroirs of the Minervois, Corbi\u00e8res and La Clape. Whether you're a gentle rambler or a keen walker, these paths offer exceptional views of the countryside and vineyards.<\/p><p>Each stage of your journey is an opportunity to meet passionate winegrowers who will open the doors of their estates to you. They'll share their know-how and love of the land with you, and let you in on the secrets of local winemaking.<\/p><p>\u00a0<\/p>\t\t\t\t\t\t\t\t<\/div>\n\t\t\t\t<\/div>\n\t\t\t\t<\/div>\n\t\t<div class=\"elementor-element elementor-element-e10a29d e-con-full e-flex e-con e-child\" data-id=\"e10a29d\" data-element_type=\"container\" data-e-type=\"container\" data-settings=\"{&quot;background_background&quot;:&quot;classic&quot;}\">\n\t\t\t\t<div class=\"elementor-element elementor-element-19a0615 elementor-widget elementor-widget-image\" data-id=\"19a0615\" data-element_type=\"widget\" data-e-type=\"widget\" data-widget_type=\"image.default\">\n\t\t\t\t<div class=\"elementor-widget-container\">\n\t\t\t\t\t\t\t\t\t\t\t\t\t\t\t<img decoding=\"async\" width=\"110\" height=\"4\" src=\"https:\/\/www.mercure-carcassonnelacite.com\/wp-content\/uploads\/2025\/05\/Groupe-525.svg\" class=\"attachment-full size-full wp-image-1420\" alt=\"\" title=\"\">\t\t\t\t\t\t\t\t\t\t\t\t\t\t\t<\/div>\n\t\t\t\t<\/div>\n\t\t\t\t<div class=\"elementor-element elementor-element-79a8c10 elementor-widget elementor-widget-heading\" data-id=\"79a8c10\" data-element_type=\"widget\" data-e-type=\"widget\" data-widget_type=\"heading.default\">\n\t\t\t\t<div class=\"elementor-widget-container\">\n\t\t\t\t\t<h2 class=\"elementor-heading-title elementor-size-default\">Tastings and walks<\/h2>\t\t\t\t<\/div>\n\t\t\t\t<\/div>\n\t\t\t\t<div class=\"elementor-element elementor-element-3cc9d8b elementor-widget elementor-widget-heading\" data-id=\"3cc9d8b\" data-element_type=\"widget\" data-e-type=\"widget\" data-widget_type=\"heading.default\">\n\t\t\t\t<div class=\"elementor-widget-container\">\n\t\t\t\t\t<h3 class=\"elementor-heading-title elementor-size-default\">meet the winegrowers <\/h3>\t\t\t\t<\/div>\n\t\t\t\t<\/div>\n\t\t\t\t<div class=\"elementor-element elementor-element-59be7c3 elementor-absolute elementor-widget elementor-widget-image\" data-id=\"59be7c3\" data-element_type=\"widget\" data-e-type=\"widget\" data-settings=\"{&quot;_position&quot;:&quot;absolute&quot;}\" data-widget_type=\"image.default\">\n\t\t\t\t<div class=\"elementor-widget-container\">\n\t\t\t\t\t\t\t\t\t\t\t\t\t\t\t<img fetchpriority=\"high\" decoding=\"async\" width=\"410\" height=\"1353\" src=\"https:\/\/www.mercure-carcassonnelacite.com\/wp-content\/uploads\/2025\/05\/Groupe-998-2x.png\" class=\"attachment-full size-full wp-image-1441\" alt=\"\" srcset=\"https:\/\/www.mercure-carcassonnelacite.com\/wp-content\/uploads\/2025\/05\/Groupe-998-2x.png 410w, https:\/\/www.mercure-carcassonnelacite.com\/wp-content\/uploads\/2025\/05\/Groupe-998-2x-91x300.png 91w, https:\/\/www.mercure-carcassonnelacite.com\/wp-content\/uploads\/2025\/05\/Groupe-998-2x-310x1024.png 310w, https:\/\/www.mercure-carcassonnelacite.com\/wp-content\/uploads\/2025\/05\/Groupe-998-2x-4x12.png 4w\" sizes=\"(max-width: 410px) 100vw, 410px\" title=\"\">\t\t\t\t\t\t\t\t\t\t\t\t\t\t\t<\/div>\n\t\t\t\t<\/div>\n\t\t\t\t<\/div>\n\t\t\t\t<\/div>\n\t\t<div class=\"elementor-element elementor-element-e0fb1d0 e-con-full bg-white e-flex e-con e-child\" data-id=\"e0fb1d0\" data-element_type=\"container\" data-e-type=\"container\">\n\t\t<div class=\"elementor-element elementor-element-b08df81 e-con-full e-flex e-con e-child\" data-id=\"b08df81\" data-element_type=\"container\" data-e-type=\"container\" data-settings=\"{&quot;background_background&quot;:&quot;classic&quot;}\">\n\t\t\t\t<div class=\"elementor-element elementor-element-e18e3f6 elementor-absolute elementor-widget__width-initial elementor-widget elementor-widget-image\" data-id=\"e18e3f6\" data-element_type=\"widget\" data-e-type=\"widget\" data-settings=\"{&quot;_position&quot;:&quot;absolute&quot;}\" data-widget_type=\"image.default\">\n\t\t\t\t<div class=\"elementor-widget-container\">\n\t\t\t\t\t\t\t\t\t\t\t\t\t\t\t<img fetchpriority=\"high\" decoding=\"async\" width=\"410\" height=\"1353\" src=\"https:\/\/www.mercure-carcassonnelacite.com\/wp-content\/uploads\/2025\/05\/Groupe-998-2x.png\" class=\"attachment-full size-full wp-image-1441\" alt=\"\" srcset=\"https:\/\/www.mercure-carcassonnelacite.com\/wp-content\/uploads\/2025\/05\/Groupe-998-2x.png 410w, https:\/\/www.mercure-carcassonnelacite.com\/wp-content\/uploads\/2025\/05\/Groupe-998-2x-91x300.png 91w, https:\/\/www.mercure-carcassonnelacite.com\/wp-content\/uploads\/2025\/05\/Groupe-998-2x-310x1024.png 310w, https:\/\/www.mercure-carcassonnelacite.com\/wp-content\/uploads\/2025\/05\/Groupe-998-2x-4x12.png 4w\" sizes=\"(max-width: 410px) 100vw, 410px\" title=\"\">\t\t\t\t\t\t\t\t\t\t\t\t\t\t\t<\/div>\n\t\t\t\t<\/div>\n\t\t\t\t<div class=\"elementor-element elementor-element-96932d8 elementor-widget elementor-widget-image\" data-id=\"96932d8\" data-element_type=\"widget\" data-e-type=\"widget\" data-widget_type=\"image.default\">\n\t\t\t\t<div class=\"elementor-widget-container\">\n\t\t\t\t\t\t\t\t\t\t\t\t\t\t\t<img decoding=\"async\" width=\"110\" height=\"4\" src=\"https:\/\/www.mercure-carcassonnelacite.com\/wp-content\/uploads\/2025\/05\/Groupe-525.svg\" class=\"attachment-full size-full wp-image-1420\" alt=\"\" title=\"\">\t\t\t\t\t\t\t\t\t\t\t\t\t\t\t<\/div>\n\t\t\t\t<\/div>\n\t\t\t\t<div class=\"elementor-element elementor-element-e56aad2 elementor-widget elementor-widget-heading\" data-id=\"e56aad2\" data-element_type=\"widget\" data-e-type=\"widget\" data-widget_type=\"heading.default\">\n\t\t\t\t<div class=\"elementor-widget-container\">\n\t\t\t\t\t<h2 class=\"elementor-heading-title elementor-size-default\">Wine routes<\/h2>\t\t\t\t<\/div>\n\t\t\t\t<\/div>\n\t\t\t\t<div class=\"elementor-element elementor-element-cd6c717 elementor-widget elementor-widget-heading\" data-id=\"cd6c717\" data-element_type=\"widget\" data-e-type=\"widget\" data-widget_type=\"heading.default\">\n\t\t\t\t<div class=\"elementor-widget-container\">\n\t\t\t\t\t<h3 class=\"elementor-heading-title elementor-size-default\">Cabard\u00e8s, Corbi\u00e8res, Malep\u00e8re...<\/h3>\t\t\t\t<\/div>\n\t\t\t\t<\/div>\n\t\t\t\t<\/div>\n\t\t<div class=\"elementor-element elementor-element-0c69904 e-con-full e-flex e-con e-child\" data-id=\"0c69904\" data-element_type=\"container\" data-e-type=\"container\">\n\t\t\t\t<div class=\"elementor-element elementor-element-834f4e8 elementor-widget__width-inherit elementor-widget elementor-widget-text-editor\" data-id=\"834f4e8\" data-element_type=\"widget\" data-e-type=\"widget\" data-widget_type=\"text-editor.default\">\n\t\t\t\t<div class=\"elementor-widget-container\">\n\t\t\t\t\t\t\t\t\t<p data-pm-slice=\"1 1 []\">The Aude wine routes offer a unique experience for wine tourism enthusiasts, combining breathtaking scenery, historic heritage and unforgettable tastings.\u00a0<\/p><h5 data-pm-slice=\"1 3 []\">The Most Beautiful Wine Routes of the Aude<\/h5><ul data-spread=\"false\"><li><p><strong>The Minervois Wine Route<\/strong> An itinerary through authentic villages such as Caunes-Minervois and Homps, where you can discover powerful, aromatic red wines.<\/p><\/li><li><p><strong>The Corbi\u00e8res Wine Route<\/strong> This route winds its way between Cathar castles and wild landscapes, stopping off at estates producing full-bodied reds and mineral whites.<\/p><\/li><li><p><strong>The Clape Wine Route<\/strong> Between Narbonne and the Mediterranean, this route plunges you into a unique terroir of elegant, expressive wines.<\/p><\/li><li><p><strong>The Limouxin Wine Route<\/strong> Blanquette de Limoux: Famous for its Blanquette de Limoux, this tour takes you on a discovery of the world's oldest sparkling wine.<\/p><\/li><\/ul>\t\t\t\t\t\t\t\t<\/div>\n\t\t\t\t<\/div>\n\t\t\t\t<\/div>\n\t\t\t\t<\/div>\n\t\t\t\t\t<\/div>\n\t\t\t\t<\/div>\n\t\t\t\t<\/div>","protected":false},"excerpt":{"rendered":"<p>\u201cGrands Vins en Grand Carcassonne\u201d Une destination oenotouristique exp\u00e9riences autour du vin Label Vignobles &amp; d\u00e9couvertes en montagne ou en for\u00eat Lanc\u00e9 en 2006, le label Vignobles &amp; D\u00e9couvertes est d\u00e9cern\u00e9 pour une p\u00e9riode de trois ans par Atout France, sur recommandation du Conseil Sup\u00e9rieur de l\u2019\u0152notourisme. Il distingue les destinations alliant tourisme et viticulture, [&hellip;]<\/p>\n","protected":false},"author":15,"featured_media":1428,"parent":238,"menu_order":0,"comment_status":"closed","ping_status":"closed","template":"","meta":{"inline_featured_image":false,"footnotes":""},"class_list":["post-1481","page","type-page","status-publish","has-post-thumbnail","hentry"],"_links":{"self":[{"href":"https:\/\/www.mercure-carcassonnelacite.com\/en\/wp-json\/wp\/v2\/pages\/1481","targetHints":{"allow":["GET"]}}],"collection":[{"href":"https:\/\/www.mercure-carcassonnelacite.com\/en\/wp-json\/wp\/v2\/pages"}],"about":[{"href":"https:\/\/www.mercure-carcassonnelacite.com\/en\/wp-json\/wp\/v2\/types\/page"}],"author":[{"embeddable":true,"href":"https:\/\/www.mercure-carcassonnelacite.com\/en\/wp-json\/wp\/v2\/users\/15"}],"replies":[{"embeddable":true,"href":"https:\/\/www.mercure-carcassonnelacite.com\/en\/wp-json\/wp\/v2\/comments?post=1481"}],"version-history":[{"count":4,"href":"https:\/\/www.mercure-carcassonnelacite.com\/en\/wp-json\/wp\/v2\/pages\/1481\/revisions"}],"predecessor-version":[{"id":1487,"href":"https:\/\/www.mercure-carcassonnelacite.com\/en\/wp-json\/wp\/v2\/pages\/1481\/revisions\/1487"}],"up":[{"embeddable":true,"href":"https:\/\/www.mercure-carcassonnelacite.com\/en\/wp-json\/wp\/v2\/pages\/238"}],"wp:featuredmedia":[{"embeddable":true,"href":"https:\/\/www.mercure-carcassonnelacite.com\/en\/wp-json\/wp\/v2\/media\/1428"}],"wp:attachment":[{"href":"https:\/\/www.mercure-carcassonnelacite.com\/en\/wp-json\/wp\/v2\/media?parent=1481"}],"curies":[{"name":"wp","href":"https:\/\/api.w.org\/{rel}","templated":true}]}}