{"id":257,"date":"2024-04-03T16:14:33","date_gmt":"2024-04-03T14:14:33","guid":{"rendered":"https:\/\/www.mercure-carcassonnelacite.com\/deguster\/"},"modified":"2025-02-13T13:59:18","modified_gmt":"2025-02-13T12:59:18","slug":"deguster-restaurant-in-carcassonne","status":"publish","type":"page","link":"https:\/\/www.mercure-carcassonnelacite.com\/de\/deguster-restaurant-a-carcassonne\/","title":{"rendered":"Verkosten Sie"},"content":{"rendered":"<div data-elementor-type=\"wp-page\" data-elementor-id=\"257\" class=\"elementor elementor-257\" data-elementor-post-type=\"page\">\n\t\t\t\t<div class=\"elementor-element elementor-element-1a33955d e-flex e-con-boxed e-con e-parent\" data-id=\"1a33955d\" data-element_type=\"container\" data-e-type=\"container\" data-settings=\"{&quot;background_background&quot;:&quot;classic&quot;}\">\n\t\t\t\t\t<div class=\"e-con-inner\">\n\t\t<div class=\"elementor-element elementor-element-624e6523 e-flex e-con-boxed e-con e-child\" data-id=\"624e6523\" data-element_type=\"container\" data-e-type=\"container\">\n\t\t\t\t\t<div class=\"e-con-inner\">\n\t\t\t\t<div class=\"elementor-element elementor-element-4a51f94d elementor-widget elementor-widget-heading\" data-id=\"4a51f94d\" data-element_type=\"widget\" data-e-type=\"widget\" data-widget_type=\"heading.default\">\n\t\t\t\t<div class=\"elementor-widget-container\">\n\t\t\t\t\t<h1 class=\"elementor-heading-title elementor-size-default\">Verkosten Sie<\/h1>\t\t\t\t<\/div>\n\t\t\t\t<\/div>\n\t\t\t\t\t<\/div>\n\t\t\t\t<\/div>\n\t\t\t\t<div class=\"elementor-element elementor-element-7d61f7e7 elementor-absolute elementor-widget elementor-widget-image\" data-id=\"7d61f7e7\" data-element_type=\"widget\" data-e-type=\"widget\" data-settings=\"{&quot;_position&quot;:&quot;absolute&quot;}\" data-widget_type=\"image.default\">\n\t\t\t\t<div class=\"elementor-widget-container\">\n\t\t\t\t\t\t\t\t\t\t\t\t\t\t\t<img fetchpriority=\"high\" decoding=\"async\" width=\"285\" height=\"1072\" src=\"https:\/\/www.mercure-carcassonnelacite.com\/wp-content\/uploads\/2024\/04\/Groupe-947.png\" class=\"attachment-full size-full wp-image-157\" alt=\"\" srcset=\"https:\/\/www.mercure-carcassonnelacite.com\/wp-content\/uploads\/2024\/04\/Groupe-947.png 285w, https:\/\/www.mercure-carcassonnelacite.com\/wp-content\/uploads\/2024\/04\/Groupe-947-80x300.png 80w, https:\/\/www.mercure-carcassonnelacite.com\/wp-content\/uploads\/2024\/04\/Groupe-947-272x1024.png 272w, https:\/\/www.mercure-carcassonnelacite.com\/wp-content\/uploads\/2024\/04\/Groupe-947-3x12.png 3w\" sizes=\"(max-width: 285px) 100vw, 285px\" title=\"\">\t\t\t\t\t\t\t\t\t\t\t\t\t\t\t<\/div>\n\t\t\t\t<\/div>\n\t\t\t\t\t<\/div>\n\t\t\t\t<\/div>\n\t\t<div class=\"elementor-element elementor-element-2342caf0 e-flex e-con-boxed e-con e-parent\" data-id=\"2342caf0\" data-element_type=\"container\" data-e-type=\"container\" data-settings=\"{&quot;background_background&quot;:&quot;classic&quot;}\">\n\t\t\t\t\t<div class=\"e-con-inner\">\n\t\t<div class=\"elementor-element elementor-element-2093eee0 e-con-full elementor-hidden-tablet elementor-hidden-mobile e-flex e-con e-child\" data-id=\"2093eee0\" data-element_type=\"container\" data-e-type=\"container\">\n\t\t\t\t<\/div>\n\t\t<div class=\"elementor-element elementor-element-4b8e24d5 e-con-full elementor-hidden-mobile e-flex e-con e-child\" data-id=\"4b8e24d5\" data-element_type=\"container\" data-e-type=\"container\">\n\t\t\t\t<\/div>\n\t\t<div class=\"elementor-element elementor-element-3f196f38 e-con-full e-flex e-con e-child\" data-id=\"3f196f38\" data-element_type=\"container\" data-e-type=\"container\">\n\t\t\t\t<div class=\"elementor-element elementor-element-67a1d76d elementor-widget elementor-widget-image\" data-id=\"67a1d76d\" data-element_type=\"widget\" data-e-type=\"widget\" data-widget_type=\"image.default\">\n\t\t\t\t<div class=\"elementor-widget-container\">\n\t\t\t\t\t\t\t\t\t\t\t\t\t\t\t<img decoding=\"async\" width=\"110\" height=\"4\" src=\"https:\/\/www.mercure-carcassonnelacite.com\/wp-content\/uploads\/2024\/04\/Groupe-525.svg\" class=\"attachment-full size-full wp-image-86\" alt=\"\" title=\"\">\t\t\t\t\t\t\t\t\t\t\t\t\t\t\t<\/div>\n\t\t\t\t<\/div>\n\t\t\t\t<div class=\"elementor-element elementor-element-37a7780b elementor-widget elementor-widget-heading\" data-id=\"37a7780b\" data-element_type=\"widget\" data-e-type=\"widget\" data-widget_type=\"heading.default\">\n\t\t\t\t<div class=\"elementor-widget-container\">\n\t\t\t\t\t<h3 class=\"elementor-heading-title elementor-size-default\">Restaurant<\/h3>\t\t\t\t<\/div>\n\t\t\t\t<\/div>\n\t\t\t\t<div class=\"elementor-element elementor-element-72c63287 elementor-widget__width-initial elementor-widget elementor-widget-heading\" data-id=\"72c63287\" data-element_type=\"widget\" data-e-type=\"widget\" data-widget_type=\"heading.default\">\n\t\t\t\t<div class=\"elementor-widget-container\">\n\t\t\t\t\t<h2 class=\"elementor-heading-title elementor-size-default\">La Table de l'Olivier<\/h2>\t\t\t\t<\/div>\n\t\t\t\t<\/div>\n\t\t\t\t<div class=\"elementor-element elementor-element-44daebd4 elementor-widget elementor-widget-text-editor\" data-id=\"44daebd4\" data-element_type=\"widget\" data-e-type=\"widget\" data-widget_type=\"text-editor.default\">\n\t\t\t\t<div class=\"elementor-widget-container\">\n\t\t\t\t\t\t\t\t\t<p>La Table de l'Olivier ist das traditionelle Restaurant im Hotel Mercure Carcassonne La Cit\u00e9. Unter der Leitung von Chefkoch C\u00e9dric Laveau wird hier unter den erfahrenen H\u00e4nden des K\u00fcchenchefs und seiner Brigade eine erfinderische, aber leicht zug\u00e4ngliche K\u00fcche zubereitet. In einem zeitgen\u00f6ssischen und freundlichen Ambiente bietet das Restaurant eine K\u00fcche, die auf frischen und saisonalen Produkten basiert.<\/p>\t\t\t\t\t\t\t\t<\/div>\n\t\t\t\t<\/div>\n\t\t\t\t<div class=\"elementor-element elementor-element-1c3a2f9e btn-border elementor-widget elementor-widget-button\" data-id=\"1c3a2f9e\" data-element_type=\"widget\" data-e-type=\"widget\" data-widget_type=\"button.default\">\n\t\t\t\t<div class=\"elementor-widget-container\">\n\t\t\t\t\t\t\t\t\t<div class=\"elementor-button-wrapper\">\n\t\t\t\t\t<a class=\"elementor-button elementor-button-link elementor-size-sm\" href=\"https:\/\/www.mercure-carcassonnelacite.com\/de\/deguster-restaurant-a-carcassonne\/restaurant-la-cite-de-carcassonne\/\">\n\t\t\t\t\t\t<span class=\"elementor-button-content-wrapper\">\n\t\t\t\t\t\t\t\t\t<span class=\"elementor-button-text\">Lesen Sie mehr<\/span>\n\t\t\t\t\t<\/span>\n\t\t\t\t\t<\/a>\n\t\t\t\t<\/div>\n\t\t\t\t\t\t\t\t<\/div>\n\t\t\t\t<\/div>\n\t\t\t\t<\/div>\n\t\t\t\t\t<\/div>\n\t\t\t\t<\/div>\n\t\t<div class=\"elementor-element elementor-element-39557d42 sec-bar-bibli e-flex e-con-boxed e-con e-parent\" data-id=\"39557d42\" data-element_type=\"container\" data-e-type=\"container\">\n\t\t\t\t\t<div class=\"e-con-inner\">\n\t\t<div class=\"elementor-element elementor-element-7c17a700 e-con-full e-flex e-con e-child\" data-id=\"7c17a700\" data-element_type=\"container\" data-e-type=\"container\">\n\t\t\t\t<div class=\"elementor-element elementor-element-5f7416e1 bar-bibli-content elementor-widget elementor-widget-image\" data-id=\"5f7416e1\" data-element_type=\"widget\" data-e-type=\"widget\" data-widget_type=\"image.default\">\n\t\t\t\t<div class=\"elementor-widget-container\">\n\t\t\t\t\t\t\t\t\t\t\t\t\t\t\t<img decoding=\"async\" width=\"110\" height=\"4\" src=\"https:\/\/www.mercure-carcassonnelacite.com\/wp-content\/uploads\/2024\/04\/Groupe-525.svg\" class=\"attachment-full size-full wp-image-86\" alt=\"\" title=\"\">\t\t\t\t\t\t\t\t\t\t\t\t\t\t\t<\/div>\n\t\t\t\t<\/div>\n\t\t\t\t<div class=\"elementor-element elementor-element-d8dae78 bar-bibli-content elementor-widget elementor-widget-heading\" data-id=\"d8dae78\" data-element_type=\"widget\" data-e-type=\"widget\" data-widget_type=\"heading.default\">\n\t\t\t\t<div class=\"elementor-widget-container\">\n\t\t\t\t\t<h2 class=\"elementor-heading-title elementor-size-default\">Die Bar<\/h2>\t\t\t\t<\/div>\n\t\t\t\t<\/div>\n\t\t\t\t<div class=\"elementor-element elementor-element-41fad8e0 bar-bibli-content elementor-widget elementor-widget-heading\" data-id=\"41fad8e0\" data-element_type=\"widget\" data-e-type=\"widget\" data-widget_type=\"heading.default\">\n\t\t\t\t<div class=\"elementor-widget-container\">\n\t\t\t\t\t<h3 class=\"elementor-heading-title elementor-size-default\">Ein schwebender Moment<\/h3>\t\t\t\t<\/div>\n\t\t\t\t<\/div>\n\t\t\t\t<div class=\"elementor-element elementor-element-7aa00a51 bar-bibli-content elementor-widget elementor-widget-text-editor\" data-id=\"7aa00a51\" data-element_type=\"widget\" data-e-type=\"widget\" data-widget_type=\"text-editor.default\">\n\t\t\t\t<div class=\"elementor-widget-container\">\n\t\t\t\t\t\t\t\t\t<p>Genie\u00dfen Sie einen Drink in unserem Barbereich, der sich zum Leben des Hotels hin \u00f6ffnet.<\/p>\n<p>Unsere Bar ist der ideale Ort, um sich vor dem Mittagessen zu entspannen oder nach einem langen Tag zu Abend zu essen.<\/p>\n<p>Bei sch\u00f6nem Wetter l\u00e4dt die Bar in die G\u00e4rten und auf die Terrasse ein und bietet lokale Weine und Biere, Cocktails und Mocktails des Hauses an, um Sie an hei\u00dfen Sommertagen zu erfrischen.<\/p>\t\t\t\t\t\t\t\t<\/div>\n\t\t\t\t<\/div>\n\t\t\t\t<div class=\"elementor-element elementor-element-f62cbb4 btn-border bar-bibli-btn elementor-widget elementor-widget-button\" data-id=\"f62cbb4\" data-element_type=\"widget\" data-e-type=\"widget\" data-widget_type=\"button.default\">\n\t\t\t\t<div class=\"elementor-widget-container\">\n\t\t\t\t\t\t\t\t\t<div class=\"elementor-button-wrapper\">\n\t\t\t\t\t<a class=\"elementor-button elementor-button-link elementor-size-sm\" href=\"https:\/\/www.mercure-carcassonnelacite.com\/de\/deguster-restaurant-a-carcassonne\/bar-a-carcassonne\/\">\n\t\t\t\t\t\t<span class=\"elementor-button-content-wrapper\">\n\t\t\t\t\t\t\t\t\t<span class=\"elementor-button-text\">Entdecken Sie<\/span>\n\t\t\t\t\t<\/span>\n\t\t\t\t\t<\/a>\n\t\t\t\t<\/div>\n\t\t\t\t\t\t\t\t<\/div>\n\t\t\t\t<\/div>\n\t\t\t\t<\/div>\n\t\t<div class=\"elementor-element elementor-element-3a57f1ff e-con-full e-flex e-con e-child\" data-id=\"3a57f1ff\" data-element_type=\"container\" data-e-type=\"container\">\n\t\t\t\t<div class=\"elementor-element elementor-element-1d495af0 bar-bibli-photo elementor-widget elementor-widget-image\" data-id=\"1d495af0\" data-element_type=\"widget\" data-e-type=\"widget\" data-widget_type=\"image.default\">\n\t\t\t\t<div class=\"elementor-widget-container\">\n\t\t\t\t\t\t\t\t\t\t\t\t\t\t\t<img decoding=\"async\" width=\"1703\" height=\"2560\" src=\"https:\/\/www.mercure-carcassonnelacite.com\/wp-content\/uploads\/2025\/02\/mercure_230125_credit_LudoCharles_0203-scaled.jpg\" class=\"attachment-full size-full wp-image-1338\" alt=\"\" srcset=\"https:\/\/www.mercure-carcassonnelacite.com\/wp-content\/uploads\/2025\/02\/mercure_230125_credit_LudoCharles_0203-scaled.jpg 1703w, https:\/\/www.mercure-carcassonnelacite.com\/wp-content\/uploads\/2025\/02\/mercure_230125_credit_LudoCharles_0203-200x300.jpg 200w, https:\/\/www.mercure-carcassonnelacite.com\/wp-content\/uploads\/2025\/02\/mercure_230125_credit_LudoCharles_0203-681x1024.jpg 681w, https:\/\/www.mercure-carcassonnelacite.com\/wp-content\/uploads\/2025\/02\/mercure_230125_credit_LudoCharles_0203-768x1154.jpg 768w, https:\/\/www.mercure-carcassonnelacite.com\/wp-content\/uploads\/2025\/02\/mercure_230125_credit_LudoCharles_0203-1022x1536.jpg 1022w, https:\/\/www.mercure-carcassonnelacite.com\/wp-content\/uploads\/2025\/02\/mercure_230125_credit_LudoCharles_0203-1362x2048.jpg 1362w, https:\/\/www.mercure-carcassonnelacite.com\/wp-content\/uploads\/2025\/02\/mercure_230125_credit_LudoCharles_0203-8x12.jpg 8w\" sizes=\"(max-width: 1703px) 100vw, 1703px\" title=\"\">\t\t\t\t\t\t\t\t\t\t\t\t\t\t\t<\/div>\n\t\t\t\t<\/div>\n\t\t\t\t<div class=\"elementor-element elementor-element-3155073b elementor-absolute elementor-widget elementor-widget-image\" data-id=\"3155073b\" data-element_type=\"widget\" data-e-type=\"widget\" data-settings=\"{&quot;_position&quot;:&quot;absolute&quot;}\" data-widget_type=\"image.default\">\n\t\t\t\t<div class=\"elementor-widget-container\">\n\t\t\t\t\t\t\t\t\t\t\t\t\t\t\t<img loading=\"lazy\" decoding=\"async\" width=\"79\" height=\"1178\" src=\"https:\/\/www.mercure-carcassonnelacite.com\/wp-content\/uploads\/2024\/04\/Groupe-536.svg\" class=\"attachment-full size-full wp-image-258\" alt=\"\" title=\"\">\t\t\t\t\t\t\t\t\t\t\t\t\t\t\t<\/div>\n\t\t\t\t<\/div>\n\t\t\t\t<\/div>\n\t\t\t\t\t<\/div>\n\t\t\t\t<\/div>\n\t\t<div class=\"elementor-element elementor-element-2db27350 sec-equipe e-flex e-con-boxed e-con e-parent\" data-id=\"2db27350\" data-element_type=\"container\" data-e-type=\"container\" data-settings=\"{&quot;background_background&quot;:&quot;classic&quot;}\">\n\t\t\t\t\t<div class=\"e-con-inner\">\n\t\t<div class=\"elementor-element elementor-element-64daa641 e-con-full e-flex e-con e-child\" data-id=\"64daa641\" data-element_type=\"container\" data-e-type=\"container\">\n\t\t\t\t<div class=\"elementor-element elementor-element-75e6816d img-equipe elementor-widget elementor-widget-image\" data-id=\"75e6816d\" data-element_type=\"widget\" data-e-type=\"widget\" data-widget_type=\"image.default\">\n\t\t\t\t<div class=\"elementor-widget-container\">\n\t\t\t\t\t\t\t\t\t\t\t\t\t\t\t<img loading=\"lazy\" decoding=\"async\" width=\"800\" height=\"534\" src=\"https:\/\/www.mercure-carcassonnelacite.com\/wp-content\/uploads\/2024\/04\/citehotel-occitanie-photo-188116-1024x683.jpg\" class=\"attachment-large size-large wp-image-568\" alt=\"\" srcset=\"https:\/\/www.mercure-carcassonnelacite.com\/wp-content\/uploads\/2024\/04\/citehotel-occitanie-photo-188116-1024x683.jpg 1024w, https:\/\/www.mercure-carcassonnelacite.com\/wp-content\/uploads\/2024\/04\/citehotel-occitanie-photo-188116-300x200.jpg 300w, https:\/\/www.mercure-carcassonnelacite.com\/wp-content\/uploads\/2024\/04\/citehotel-occitanie-photo-188116-768x512.jpg 768w, https:\/\/www.mercure-carcassonnelacite.com\/wp-content\/uploads\/2024\/04\/citehotel-occitanie-photo-188116-1536x1025.jpg 1536w, https:\/\/www.mercure-carcassonnelacite.com\/wp-content\/uploads\/2024\/04\/citehotel-occitanie-photo-188116-18x12.jpg 18w, https:\/\/www.mercure-carcassonnelacite.com\/wp-content\/uploads\/2024\/04\/citehotel-occitanie-photo-188116.jpg 1761w\" sizes=\"(max-width: 800px) 100vw, 800px\" title=\"\">\t\t\t\t\t\t\t\t\t\t\t\t\t\t\t<\/div>\n\t\t\t\t<\/div>\n\t\t<div class=\"elementor-element elementor-element-3fca3e3 col-equipe-content e-flex e-con-boxed e-con e-child\" data-id=\"3fca3e3\" data-element_type=\"container\" data-e-type=\"container\">\n\t\t\t\t\t<div class=\"e-con-inner\">\n\t\t\t\t<div class=\"elementor-element elementor-element-218be947 elementor-widget elementor-widget-image\" data-id=\"218be947\" data-element_type=\"widget\" data-e-type=\"widget\" data-widget_type=\"image.default\">\n\t\t\t\t<div class=\"elementor-widget-container\">\n\t\t\t\t\t\t\t\t\t\t\t\t\t\t\t<img decoding=\"async\" width=\"110\" height=\"4\" src=\"https:\/\/www.mercure-carcassonnelacite.com\/wp-content\/uploads\/2024\/04\/Groupe-525.svg\" class=\"attachment-full size-full wp-image-86\" alt=\"\" title=\"\">\t\t\t\t\t\t\t\t\t\t\t\t\t\t\t<\/div>\n\t\t\t\t<\/div>\n\t\t\t\t<div class=\"elementor-element elementor-element-4d670f9e elementor-widget elementor-widget-heading\" data-id=\"4d670f9e\" data-element_type=\"widget\" data-e-type=\"widget\" data-widget_type=\"heading.default\">\n\t\t\t\t<div class=\"elementor-widget-container\">\n\t\t\t\t\t<h2 class=\"elementor-heading-title elementor-size-default\">Veranstaltungen<\/h2>\t\t\t\t<\/div>\n\t\t\t\t<\/div>\n\t\t\t\t<div class=\"elementor-element elementor-element-4d97b7eb elementor-widget elementor-widget-heading\" data-id=\"4d97b7eb\" data-element_type=\"widget\" data-e-type=\"widget\" data-widget_type=\"heading.default\">\n\t\t\t\t<div class=\"elementor-widget-container\">\n\t\t\t\t\t<h3 class=\"elementor-heading-title elementor-size-default\">Zusammenkommen<\/h3>\t\t\t\t<\/div>\n\t\t\t\t<\/div>\n\t\t\t\t<div class=\"elementor-element elementor-element-3ce3fe14 elementor-widget elementor-widget-text-editor\" data-id=\"3ce3fe14\" data-element_type=\"widget\" data-e-type=\"widget\" data-widget_type=\"text-editor.default\">\n\t\t\t\t<div class=\"elementor-widget-container\">\n\t\t\t\t\t\t\t\t\t<p>F\u00fcr alle Ihre Veranstaltungen, ob privat oder gesch\u00e4ftlich, nutzen Sie die ruhige Lage des Hotels in der N\u00e4he der mittelalterlichen Stadt.<\/p>\t\t\t\t\t\t\t\t<\/div>\n\t\t\t\t<\/div>\n\t\t\t\t<div class=\"elementor-element elementor-element-59d8cdaf btn-border elementor-widget elementor-widget-button\" data-id=\"59d8cdaf\" data-element_type=\"widget\" data-e-type=\"widget\" data-widget_type=\"button.default\">\n\t\t\t\t<div class=\"elementor-widget-container\">\n\t\t\t\t\t\t\t\t\t<div class=\"elementor-button-wrapper\">\n\t\t\t\t\t<a class=\"elementor-button elementor-button-link elementor-size-sm\" href=\"https:\/\/www.mercure-carcassonnelacite.com\/de\/se-rassembler-hotel-seminaire-carcassonne\/\">\n\t\t\t\t\t\t<span class=\"elementor-button-content-wrapper\">\n\t\t\t\t\t\t\t\t\t<span class=\"elementor-button-text\">Siehe die Seite<\/span>\n\t\t\t\t\t<\/span>\n\t\t\t\t\t<\/a>\n\t\t\t\t<\/div>\n\t\t\t\t\t\t\t\t<\/div>\n\t\t\t\t<\/div>\n\t\t\t\t\t<\/div>\n\t\t\t\t<\/div>\n\t\t\t\t<\/div>\n\t\t\t\t\t<\/div>\n\t\t\t\t<\/div>\n\t\t\t\t<\/div>","protected":false},"excerpt":{"rendered":"<p>D\u00e9guster Restaurant La Table de l\u2019Olivier La Table de l\u2019Olivier est le restaurant traditionnel de l\u2019h\u00f4tel Mercure Carcassonne La Cit\u00e9. Avec le Chef C\u00e9dric Laveau aux commandes, c\u2019est une cuisine inventive mais accessible qui voit le jour sous les mains expertes du Chef et de sa brigade. Dans un d\u00e9cor \u00e0 l\u2019ambiance contemporaine et conviviale, [&hellip;]<\/p>\n","protected":false},"author":5,"featured_media":1279,"parent":0,"menu_order":0,"comment_status":"closed","ping_status":"closed","template":"","meta":{"inline_featured_image":false,"footnotes":""},"class_list":["post-257","page","type-page","status-publish","has-post-thumbnail","hentry"],"_links":{"self":[{"href":"https:\/\/www.mercure-carcassonnelacite.com\/de\/wp-json\/wp\/v2\/pages\/257","targetHints":{"allow":["GET"]}}],"collection":[{"href":"https:\/\/www.mercure-carcassonnelacite.com\/de\/wp-json\/wp\/v2\/pages"}],"about":[{"href":"https:\/\/www.mercure-carcassonnelacite.com\/de\/wp-json\/wp\/v2\/types\/page"}],"author":[{"embeddable":true,"href":"https:\/\/www.mercure-carcassonnelacite.com\/de\/wp-json\/wp\/v2\/users\/5"}],"replies":[{"embeddable":true,"href":"https:\/\/www.mercure-carcassonnelacite.com\/de\/wp-json\/wp\/v2\/comments?post=257"}],"version-history":[{"count":34,"href":"https:\/\/www.mercure-carcassonnelacite.com\/de\/wp-json\/wp\/v2\/pages\/257\/revisions"}],"predecessor-version":[{"id":1347,"href":"https:\/\/www.mercure-carcassonnelacite.com\/de\/wp-json\/wp\/v2\/pages\/257\/revisions\/1347"}],"wp:featuredmedia":[{"embeddable":true,"href":"https:\/\/www.mercure-carcassonnelacite.com\/de\/wp-json\/wp\/v2\/media\/1279"}],"wp:attachment":[{"href":"https:\/\/www.mercure-carcassonnelacite.com\/de\/wp-json\/wp\/v2\/media?parent=257"}],"curies":[{"name":"wp","href":"https:\/\/api.w.org\/{rel}","templated":true}]}}