{"id":230,"date":"2024-04-03T16:14:28","date_gmt":"2024-04-03T14:14:28","guid":{"rendered":"https:\/\/www.mercure-carcassonnelacite.com\/activites\/"},"modified":"2025-05-15T15:34:59","modified_gmt":"2025-05-15T13:34:59","slug":"aktivitaten-in-carcassonne","status":"publish","type":"page","link":"https:\/\/www.mercure-carcassonnelacite.com\/de\/tourisme-visiter-carcassonne\/activites-carcassonne\/","title":{"rendered":"T\u00e4tigkeiten carcassonne"},"content":{"rendered":"<div data-elementor-type=\"wp-page\" data-elementor-id=\"230\" class=\"elementor elementor-230\" data-elementor-post-type=\"page\">\n\t\t\t\t<div class=\"elementor-element elementor-element-78e21ba1 e-flex e-con-boxed e-con e-parent\" data-id=\"78e21ba1\" data-element_type=\"container\" data-e-type=\"container\" data-settings=\"{&quot;background_background&quot;:&quot;classic&quot;}\">\n\t\t\t\t\t<div class=\"e-con-inner\">\n\t\t<div class=\"elementor-element elementor-element-6d9376d0 e-flex e-con-boxed e-con e-child\" data-id=\"6d9376d0\" data-element_type=\"container\" data-e-type=\"container\">\n\t\t\t\t\t<div class=\"e-con-inner\">\n\t\t\t\t<div class=\"elementor-element elementor-element-23539a0a elementor-widget elementor-widget-heading\" data-id=\"23539a0a\" data-element_type=\"widget\" data-e-type=\"widget\" data-widget_type=\"heading.default\">\n\t\t\t\t<div class=\"elementor-widget-container\">\n\t\t\t\t\t<h1 class=\"elementor-heading-title elementor-size-default\">Entdecken Sie<\/h1>\t\t\t\t<\/div>\n\t\t\t\t<\/div>\n\t\t\t\t\t<\/div>\n\t\t\t\t<\/div>\n\t\t\t\t\t<\/div>\n\t\t\t\t<\/div>\n\t\t<div class=\"elementor-element elementor-element-8b9da6b e-flex e-con-boxed e-con e-parent\" data-id=\"8b9da6b\" data-element_type=\"container\" data-e-type=\"container\" data-settings=\"{&quot;background_background&quot;:&quot;classic&quot;}\">\n\t\t\t\t\t<div class=\"e-con-inner\">\n\t\t\t\t<div class=\"elementor-element elementor-element-b7d86e7 elementor-widget elementor-widget-image\" data-id=\"b7d86e7\" data-element_type=\"widget\" data-e-type=\"widget\" data-widget_type=\"image.default\">\n\t\t\t\t<div class=\"elementor-widget-container\">\n\t\t\t\t\t\t\t\t\t\t\t\t\t\t\t<img decoding=\"async\" width=\"110\" height=\"4\" src=\"https:\/\/www.mercure-carcassonnelacite.com\/wp-content\/uploads\/2025\/05\/Groupe-525.svg\" class=\"attachment-full size-full wp-image-1420\" alt=\"\" title=\"\">\t\t\t\t\t\t\t\t\t\t\t\t\t\t\t<\/div>\n\t\t\t\t<\/div>\n\t\t\t\t<div class=\"elementor-element elementor-element-a0bc6f3 elementor-widget elementor-widget-heading\" data-id=\"a0bc6f3\" data-element_type=\"widget\" data-e-type=\"widget\" data-widget_type=\"heading.default\">\n\t\t\t\t<div class=\"elementor-widget-container\">\n\t\t\t\t\t<h2 class=\"elementor-heading-title elementor-size-default\">Die verschiedenen Besuche<\/h2>\t\t\t\t<\/div>\n\t\t\t\t<\/div>\n\t\t\t\t<div class=\"elementor-element elementor-element-f77295c elementor-widget elementor-widget-heading\" data-id=\"f77295c\" data-element_type=\"widget\" data-e-type=\"widget\" data-widget_type=\"heading.default\">\n\t\t\t\t<div class=\"elementor-widget-container\">\n\t\t\t\t\t<h3 class=\"elementor-heading-title elementor-size-default\">in und um die Bastide Saint Louis<\/h3>\t\t\t\t<\/div>\n\t\t\t\t<\/div>\n\t\t<div class=\"elementor-element elementor-element-87846da e-con-full e-flex e-con e-child\" data-id=\"87846da\" data-element_type=\"container\" data-e-type=\"container\" data-settings=\"{&quot;background_background&quot;:&quot;classic&quot;}\">\n\t\t\t\t<div class=\"elementor-element elementor-element-3a6ea09 elementor-absolute elementor-widget elementor-widget-image\" data-id=\"3a6ea09\" data-element_type=\"widget\" data-e-type=\"widget\" data-settings=\"{&quot;_position&quot;:&quot;absolute&quot;}\" data-widget_type=\"image.default\">\n\t\t\t\t<div class=\"elementor-widget-container\">\n\t\t\t\t\t\t\t\t\t\t\t\t\t\t\t<img fetchpriority=\"high\" decoding=\"async\" width=\"410\" height=\"1353\" src=\"https:\/\/www.mercure-carcassonnelacite.com\/wp-content\/uploads\/2025\/05\/Groupe-998-2x.png\" class=\"attachment-full size-full wp-image-1441\" alt=\"\" srcset=\"https:\/\/www.mercure-carcassonnelacite.com\/wp-content\/uploads\/2025\/05\/Groupe-998-2x.png 410w, https:\/\/www.mercure-carcassonnelacite.com\/wp-content\/uploads\/2025\/05\/Groupe-998-2x-91x300.png 91w, https:\/\/www.mercure-carcassonnelacite.com\/wp-content\/uploads\/2025\/05\/Groupe-998-2x-310x1024.png 310w, https:\/\/www.mercure-carcassonnelacite.com\/wp-content\/uploads\/2025\/05\/Groupe-998-2x-4x12.png 4w\" sizes=\"(max-width: 410px) 100vw, 410px\" title=\"\">\t\t\t\t\t\t\t\t\t\t\t\t\t\t\t<\/div>\n\t\t\t\t<\/div>\n\t\t<div class=\"elementor-element elementor-element-8b07e86 e-con-full e-flex e-con e-child\" data-id=\"8b07e86\" data-element_type=\"container\" data-e-type=\"container\" data-settings=\"{&quot;background_background&quot;:&quot;classic&quot;}\">\n\t\t\t\t<div class=\"elementor-element elementor-element-52c86dc elementor-widget elementor-widget-image\" data-id=\"52c86dc\" data-element_type=\"widget\" data-e-type=\"widget\" data-widget_type=\"image.default\">\n\t\t\t\t<div class=\"elementor-widget-container\">\n\t\t\t\t\t\t\t\t\t\t\t\t\t\t\t<img decoding=\"async\" width=\"110\" height=\"4\" src=\"https:\/\/www.mercure-carcassonnelacite.com\/wp-content\/uploads\/2025\/05\/Groupe-525.svg\" class=\"attachment-full size-full wp-image-1420\" alt=\"\" title=\"\">\t\t\t\t\t\t\t\t\t\t\t\t\t\t\t<\/div>\n\t\t\t\t<\/div>\n\t\t\t\t<div class=\"elementor-element elementor-element-97a5f49 elementor-widget elementor-widget-heading\" data-id=\"97a5f49\" data-element_type=\"widget\" data-e-type=\"widget\" data-widget_type=\"heading.default\">\n\t\t\t\t<div class=\"elementor-widget-container\">\n\t\t\t\t\t<h2 class=\"elementor-heading-title elementor-size-default\">La Bastide<br>Saint Louis<\/h2>\t\t\t\t<\/div>\n\t\t\t\t<\/div>\n\t\t\t\t<div class=\"elementor-element elementor-element-4edf571 elementor-widget elementor-widget-heading\" data-id=\"4edf571\" data-element_type=\"widget\" data-e-type=\"widget\" data-widget_type=\"heading.default\">\n\t\t\t\t<div class=\"elementor-widget-container\">\n\t\t\t\t\t<h3 class=\"elementor-heading-title elementor-size-default\">wo die Geschichte widerhallt!<\/h3>\t\t\t\t<\/div>\n\t\t\t\t<\/div>\n\t\t\t\t<\/div>\n\t\t<div class=\"elementor-element elementor-element-1bee5d8 e-con-full e-flex e-con e-child\" data-id=\"1bee5d8\" data-element_type=\"container\" data-e-type=\"container\">\n\t\t\t\t<div class=\"elementor-element elementor-element-305a56c elementor-widget__width-initial elementor-widget-tablet__width-inherit elementor-widget elementor-widget-text-editor\" data-id=\"305a56c\" data-element_type=\"widget\" data-e-type=\"widget\" data-widget_type=\"text-editor.default\">\n\t\t\t\t<div class=\"elementor-widget-container\">\n\t\t\t\t\t\t\t\t\t<p>Die Bastide Saint-Louis liegt unterhalb der ber\u00fchmten Cit\u00e9 M\u00e9di\u00e9vale und ist das lebendige und kommerzielle Herz von Carcassonne. Diese k\u00f6nigliche Bastide wurde im 13. Jahrhundert unter der Herrschaft von Saint Louis erbaut und zeichnet sich durch ihren schachbrettartigen Grundriss aus, der typisch f\u00fcr die neuen St\u00e4dte der damaligen Zeit war. Die geradlinigen Stra\u00dfen und schattigen Pl\u00e4tze bieten eine authentische Atmosph\u00e4re und stehen im Kontrast zum mittelalterlichen Ambiente der Cit\u00e9.<\/p>\t\t\t\t\t\t\t\t<\/div>\n\t\t\t\t<\/div>\n\t\t\t\t<div class=\"elementor-element elementor-element-0474d65 btn-border elementor-widget elementor-widget-button\" data-id=\"0474d65\" data-element_type=\"widget\" data-e-type=\"widget\" data-widget_type=\"button.default\">\n\t\t\t\t<div class=\"elementor-widget-container\">\n\t\t\t\t\t\t\t\t\t<div class=\"elementor-button-wrapper\">\n\t\t\t\t\t<a class=\"elementor-button elementor-button-link elementor-size-sm\" href=\"https:\/\/www.tourisme-carcassonne.fr\/decouvrir\/la-bastide-saint-louis\/\" rel=\"nofollow noopener\" target=\"_blank\">\n\t\t\t\t\t\t<span class=\"elementor-button-content-wrapper\">\n\t\t\t\t\t\t\t\t\t<span class=\"elementor-button-text\">Entdecken Sie<\/span>\n\t\t\t\t\t<\/span>\n\t\t\t\t\t<\/a>\n\t\t\t\t<\/div>\n\t\t\t\t\t\t\t\t<\/div>\n\t\t\t\t<\/div>\n\t\t\t\t<\/div>\n\t\t\t\t<\/div>\n\t\t<div class=\"elementor-element elementor-element-70ff5e8 e-con-full e-flex e-con e-child\" data-id=\"70ff5e8\" data-element_type=\"container\" data-e-type=\"container\">\n\t\t<div class=\"elementor-element elementor-element-4503766 e-con-full e-flex e-con e-child\" data-id=\"4503766\" data-element_type=\"container\" data-e-type=\"container\">\n\t\t\t\t<div class=\"elementor-element elementor-element-9f7bdd5 elementor-widget__width-inherit elementor-widget elementor-widget-text-editor\" data-id=\"9f7bdd5\" data-element_type=\"widget\" data-e-type=\"widget\" data-widget_type=\"text-editor.default\">\n\t\t\t\t<div class=\"elementor-widget-container\">\n\t\t\t\t\t\t\t\t\t<p>Tauchen Sie ein in die faszinierende Geschichte der Tuchindustrie in Carcassonne! Die heute kaum noch bekannte Industrie spielte eine wichtige Rolle bei der Entwicklung der Stadt, trug zu ihrem wirtschaftlichen Aufschwung bei und erm\u00f6glichte den Bau zahlreicher Geb\u00e4ude im Herzen des Viertels Bastide Saint-Louis. Im 17. Jahrhundert lebten fast 10.000 der 14.000 Einwohner Carcassonnes von der Textilindustrie, dank der Beherrschung wertvoller Fertigkeiten, die f\u00fcr die Herstellung des Wolltuchs erforderlich waren. Entdecken Sie dieses Textilabenteuer im Maison de la Laine et du Drap, 77 rue Trivalle in Carcassonne.<\/p>\t\t\t\t\t\t\t\t<\/div>\n\t\t\t\t<\/div>\n\t\t\t\t<\/div>\n\t\t<div class=\"elementor-element elementor-element-73979d5 e-con-full e-flex e-con e-child\" data-id=\"73979d5\" data-element_type=\"container\" data-e-type=\"container\" data-settings=\"{&quot;background_background&quot;:&quot;classic&quot;}\">\n\t\t\t\t<div class=\"elementor-element elementor-element-9d7daae elementor-widget elementor-widget-image\" data-id=\"9d7daae\" data-element_type=\"widget\" data-e-type=\"widget\" data-widget_type=\"image.default\">\n\t\t\t\t<div class=\"elementor-widget-container\">\n\t\t\t\t\t\t\t\t\t\t\t\t\t\t\t<img decoding=\"async\" width=\"110\" height=\"4\" src=\"https:\/\/www.mercure-carcassonnelacite.com\/wp-content\/uploads\/2025\/05\/Groupe-525.svg\" class=\"attachment-full size-full wp-image-1420\" alt=\"\" title=\"\">\t\t\t\t\t\t\t\t\t\t\t\t\t\t\t<\/div>\n\t\t\t\t<\/div>\n\t\t\t\t<div class=\"elementor-element elementor-element-99734ae elementor-widget elementor-widget-heading\" data-id=\"99734ae\" data-element_type=\"widget\" data-e-type=\"widget\" data-widget_type=\"heading.default\">\n\t\t\t\t<div class=\"elementor-widget-container\">\n\t\t\t\t\t<h2 class=\"elementor-heading-title elementor-size-default\">Die Tuchindustrie <\/h2>\t\t\t\t<\/div>\n\t\t\t\t<\/div>\n\t\t\t\t<div class=\"elementor-element elementor-element-5aa096b elementor-widget elementor-widget-heading\" data-id=\"5aa096b\" data-element_type=\"widget\" data-e-type=\"widget\" data-widget_type=\"heading.default\">\n\t\t\t\t<div class=\"elementor-widget-container\">\n\t\t\t\t\t<h3 class=\"elementor-heading-title elementor-size-default\">Das Haus der Wolle und des Tuches\n<\/h3>\t\t\t\t<\/div>\n\t\t\t\t<\/div>\n\t\t\t\t<div class=\"elementor-element elementor-element-9363faa elementor-absolute elementor-widget elementor-widget-image\" data-id=\"9363faa\" data-element_type=\"widget\" data-e-type=\"widget\" data-settings=\"{&quot;_position&quot;:&quot;absolute&quot;}\" data-widget_type=\"image.default\">\n\t\t\t\t<div class=\"elementor-widget-container\">\n\t\t\t\t\t\t\t\t\t\t\t\t\t\t\t<img fetchpriority=\"high\" decoding=\"async\" width=\"410\" height=\"1353\" src=\"https:\/\/www.mercure-carcassonnelacite.com\/wp-content\/uploads\/2025\/05\/Groupe-998-2x.png\" class=\"attachment-full size-full wp-image-1441\" alt=\"\" srcset=\"https:\/\/www.mercure-carcassonnelacite.com\/wp-content\/uploads\/2025\/05\/Groupe-998-2x.png 410w, https:\/\/www.mercure-carcassonnelacite.com\/wp-content\/uploads\/2025\/05\/Groupe-998-2x-91x300.png 91w, https:\/\/www.mercure-carcassonnelacite.com\/wp-content\/uploads\/2025\/05\/Groupe-998-2x-310x1024.png 310w, https:\/\/www.mercure-carcassonnelacite.com\/wp-content\/uploads\/2025\/05\/Groupe-998-2x-4x12.png 4w\" sizes=\"(max-width: 410px) 100vw, 410px\" title=\"\">\t\t\t\t\t\t\t\t\t\t\t\t\t\t\t<\/div>\n\t\t\t\t<\/div>\n\t\t\t\t<div class=\"elementor-element elementor-element-ed77b24 btn-border elementor-widget elementor-widget-button\" data-id=\"ed77b24\" data-element_type=\"widget\" data-e-type=\"widget\" data-widget_type=\"button.default\">\n\t\t\t\t<div class=\"elementor-widget-container\">\n\t\t\t\t\t\t\t\t\t<div class=\"elementor-button-wrapper\">\n\t\t\t\t\t<a class=\"elementor-button elementor-button-link elementor-size-sm\" href=\"http:\/\/tourisme-carcassonne.fr\/decouvrir\/la-bastide-saint-louis\/indsutrie-drapiere-lainiere\/\" rel=\"nofollow noopener\" target=\"_blank\">\n\t\t\t\t\t\t<span class=\"elementor-button-content-wrapper\">\n\t\t\t\t\t\t\t\t\t<span class=\"elementor-button-text\">Weitere Informationen<\/span>\n\t\t\t\t\t<\/span>\n\t\t\t\t\t<\/a>\n\t\t\t\t<\/div>\n\t\t\t\t\t\t\t\t<\/div>\n\t\t\t\t<\/div>\n\t\t\t\t<\/div>\n\t\t\t\t<\/div>\n\t\t<div class=\"elementor-element elementor-element-55f2ca5 e-con-full e-flex e-con e-child\" data-id=\"55f2ca5\" data-element_type=\"container\" data-e-type=\"container\" data-settings=\"{&quot;background_background&quot;:&quot;classic&quot;}\">\n\t\t\t\t<div class=\"elementor-element elementor-element-9f5a284 elementor-absolute elementor-widget elementor-widget-image\" data-id=\"9f5a284\" data-element_type=\"widget\" data-e-type=\"widget\" data-settings=\"{&quot;_position&quot;:&quot;absolute&quot;}\" data-widget_type=\"image.default\">\n\t\t\t\t<div class=\"elementor-widget-container\">\n\t\t\t\t\t\t\t\t\t\t\t\t\t\t\t<img fetchpriority=\"high\" decoding=\"async\" width=\"410\" height=\"1353\" src=\"https:\/\/www.mercure-carcassonnelacite.com\/wp-content\/uploads\/2025\/05\/Groupe-998-2x.png\" class=\"attachment-full size-full wp-image-1441\" alt=\"\" srcset=\"https:\/\/www.mercure-carcassonnelacite.com\/wp-content\/uploads\/2025\/05\/Groupe-998-2x.png 410w, https:\/\/www.mercure-carcassonnelacite.com\/wp-content\/uploads\/2025\/05\/Groupe-998-2x-91x300.png 91w, https:\/\/www.mercure-carcassonnelacite.com\/wp-content\/uploads\/2025\/05\/Groupe-998-2x-310x1024.png 310w, https:\/\/www.mercure-carcassonnelacite.com\/wp-content\/uploads\/2025\/05\/Groupe-998-2x-4x12.png 4w\" sizes=\"(max-width: 410px) 100vw, 410px\" title=\"\">\t\t\t\t\t\t\t\t\t\t\t\t\t\t\t<\/div>\n\t\t\t\t<\/div>\n\t\t<div class=\"elementor-element elementor-element-4340e91 e-con-full e-flex e-con e-child\" data-id=\"4340e91\" data-element_type=\"container\" data-e-type=\"container\" data-settings=\"{&quot;background_background&quot;:&quot;classic&quot;}\">\n\t\t\t\t<div class=\"elementor-element elementor-element-ef99c06 elementor-widget elementor-widget-image\" data-id=\"ef99c06\" data-element_type=\"widget\" data-e-type=\"widget\" data-widget_type=\"image.default\">\n\t\t\t\t<div class=\"elementor-widget-container\">\n\t\t\t\t\t\t\t\t\t\t\t\t\t\t\t<img decoding=\"async\" width=\"110\" height=\"4\" src=\"https:\/\/www.mercure-carcassonnelacite.com\/wp-content\/uploads\/2025\/05\/Groupe-525.svg\" class=\"attachment-full size-full wp-image-1420\" alt=\"\" title=\"\">\t\t\t\t\t\t\t\t\t\t\t\t\t\t\t<\/div>\n\t\t\t\t<\/div>\n\t\t\t\t<div class=\"elementor-element elementor-element-e5fe0e9 elementor-widget elementor-widget-heading\" data-id=\"e5fe0e9\" data-element_type=\"widget\" data-e-type=\"widget\" data-widget_type=\"heading.default\">\n\t\t\t\t<div class=\"elementor-widget-container\">\n\t\t\t\t\t<h2 class=\"elementor-heading-title elementor-size-default\">Eine Jugendstil- und Art-Deco-Rundreise<\/h2>\t\t\t\t<\/div>\n\t\t\t\t<\/div>\n\t\t\t\t<div class=\"elementor-element elementor-element-ad756b4 elementor-widget elementor-widget-heading\" data-id=\"ad756b4\" data-element_type=\"widget\" data-e-type=\"widget\" data-widget_type=\"heading.default\">\n\t\t\t\t<div class=\"elementor-widget-container\">\n\t\t\t\t\t<h3 class=\"elementor-heading-title elementor-size-default\">anders entdecken<\/h3>\t\t\t\t<\/div>\n\t\t\t\t<\/div>\n\t\t\t\t<\/div>\n\t\t<div class=\"elementor-element elementor-element-f7fd117 e-con-full e-flex e-con e-child\" data-id=\"f7fd117\" data-element_type=\"container\" data-e-type=\"container\">\n\t\t\t\t<div class=\"elementor-element elementor-element-f48ed75 elementor-widget__width-initial elementor-widget-tablet__width-inherit elementor-widget elementor-widget-text-editor\" data-id=\"f48ed75\" data-element_type=\"widget\" data-e-type=\"widget\" data-widget_type=\"text-editor.default\">\n\t\t\t\t<div class=\"elementor-widget-container\">\n\t\t\t\t\t\t\t\t\t<p>Entdecken Sie den Jugendstil und das Art D\u00e9co in Carcassonne!<br data-start=\"72\" data-end=\"75\" \/>Die Bastide Saint-Louis beherbergt einige echte architektonische Juwelen. Folgen Sie einem Rundgang, der diesen emblematischen Stilen gewidmet ist, bewundern Sie die charakteristischen Fassaden und lernen Sie, die charakteristischen Elemente f\u00fcr Ihre n\u00e4chsten Erkundungen zu erkennen. Einige Geb\u00e4ude sind sogar mit QR Codes ausgestattet: Scannen Sie diese und lassen Sie sich durch eine immersive Video-Show in die damalige Zeit zur\u00fcckversetzen.<\/p>\t\t\t\t\t\t\t\t<\/div>\n\t\t\t\t<\/div>\n\t\t\t\t<div class=\"elementor-element elementor-element-0d2e641 btn-border elementor-widget elementor-widget-button\" data-id=\"0d2e641\" data-element_type=\"widget\" data-e-type=\"widget\" data-widget_type=\"button.default\">\n\t\t\t\t<div class=\"elementor-widget-container\">\n\t\t\t\t\t\t\t\t\t<div class=\"elementor-button-wrapper\">\n\t\t\t\t\t<a class=\"elementor-button elementor-button-link elementor-size-sm\" href=\"https:\/\/www.tourisme-carcassonne.fr\/toutes-les-experiences\/circuit-art-deco-art-nouveau\/\" rel=\"nofollow noopener\" target=\"_blank\">\n\t\t\t\t\t\t<span class=\"elementor-button-content-wrapper\">\n\t\t\t\t\t\t\t\t\t<span class=\"elementor-button-text\">Entdecken Sie<\/span>\n\t\t\t\t\t<\/span>\n\t\t\t\t\t<\/a>\n\t\t\t\t<\/div>\n\t\t\t\t\t\t\t\t<\/div>\n\t\t\t\t<\/div>\n\t\t\t\t<\/div>\n\t\t\t\t<\/div>\n\t\t<div class=\"elementor-element elementor-element-0a4d50c e-con-full e-flex e-con e-child\" data-id=\"0a4d50c\" data-element_type=\"container\" data-e-type=\"container\">\n\t\t<div class=\"elementor-element elementor-element-a6019af e-con-full e-flex e-con e-child\" data-id=\"a6019af\" data-element_type=\"container\" data-e-type=\"container\">\n\t\t\t\t<div class=\"elementor-element elementor-element-c87d46c elementor-widget__width-inherit elementor-widget elementor-widget-text-editor\" data-id=\"c87d46c\" data-element_type=\"widget\" data-e-type=\"widget\" data-widget_type=\"text-editor.default\">\n\t\t\t\t<div class=\"elementor-widget-container\">\n\t\t\t\t\t\t\t\t\t<p class=\"\" data-start=\"53\" data-end=\"340\">Lassen Sie sich im Hafen des Canal du Midi in Carcassonne von einem Hausboot \u00fcberraschen, das von dem international bekannten K\u00fcnstler Speedy Graphito in ein wahres Meisterwerk verwandelt wurde. Dieses farbenfrohe Wandgem\u00e4lde ist das ganze Jahr \u00fcber zu sehen und bietet die perfekte Gelegenheit, Ihre sch\u00f6nsten Fotos festzuhalten.<\/p><p data-start=\"53\" data-end=\"340\">\u00a0<\/p><p class=\"\" data-start=\"387\" data-end=\"821\">Gehen Sie an Bord von<strong data-start=\"406\" data-end=\"423\">Europ'Odyss\u00e9e<\/strong>das Street Art Hausboot, das Sie in die faszinierende Geschichte des Canal du Midi eintauchen l\u00e4sst. Halten Sie Augen und Ohren offen: die vision\u00e4ren Geister, die diese mythische Wasserstra\u00dfe geformt haben, k\u00f6nnten Ihnen ihre Geheimnisse durch ein spielerisches und historisches Eintauchen enth\u00fcllen. Hier erz\u00e4hlen die W\u00e4nde, die Elemente werden lebendig und die Zeit steht still... Ein unvergessliches Erlebnis erwartet Sie!<\/p>\t\t\t\t\t\t\t\t<\/div>\n\t\t\t\t<\/div>\n\t\t\t\t<div class=\"elementor-element elementor-element-1db1e2e btn-border elementor-widget elementor-widget-button\" data-id=\"1db1e2e\" data-element_type=\"widget\" data-e-type=\"widget\" data-widget_type=\"button.default\">\n\t\t\t\t<div class=\"elementor-widget-container\">\n\t\t\t\t\t\t\t\t\t<div class=\"elementor-button-wrapper\">\n\t\t\t\t\t<a class=\"elementor-button elementor-button-link elementor-size-sm\" href=\"https:\/\/www.tourisme-carcassonne.fr\/decouvrir\/le-canal-du-midi\/\" rel=\"nofollow noopener\" target=\"_blank\">\n\t\t\t\t\t\t<span class=\"elementor-button-content-wrapper\">\n\t\t\t\t\t\t\t\t\t<span class=\"elementor-button-text\">Weitere Informationen<\/span>\n\t\t\t\t\t<\/span>\n\t\t\t\t\t<\/a>\n\t\t\t\t<\/div>\n\t\t\t\t\t\t\t\t<\/div>\n\t\t\t\t<\/div>\n\t\t\t\t<\/div>\n\t\t<div class=\"elementor-element elementor-element-d0e6120 e-con-full e-flex e-con e-child\" data-id=\"d0e6120\" data-element_type=\"container\" data-e-type=\"container\" data-settings=\"{&quot;background_background&quot;:&quot;classic&quot;}\">\n\t\t\t\t<div class=\"elementor-element elementor-element-1cb21da elementor-widget elementor-widget-image\" data-id=\"1cb21da\" data-element_type=\"widget\" data-e-type=\"widget\" data-widget_type=\"image.default\">\n\t\t\t\t<div class=\"elementor-widget-container\">\n\t\t\t\t\t\t\t\t\t\t\t\t\t\t\t<img decoding=\"async\" width=\"110\" height=\"4\" src=\"https:\/\/www.mercure-carcassonnelacite.com\/wp-content\/uploads\/2025\/05\/Groupe-525.svg\" class=\"attachment-full size-full wp-image-1420\" alt=\"\" title=\"\">\t\t\t\t\t\t\t\t\t\t\t\t\t\t\t<\/div>\n\t\t\t\t<\/div>\n\t\t\t\t<div class=\"elementor-element elementor-element-ce5e5c0 elementor-widget elementor-widget-heading\" data-id=\"ce5e5c0\" data-element_type=\"widget\" data-e-type=\"widget\" data-widget_type=\"heading.default\">\n\t\t\t\t<div class=\"elementor-widget-container\">\n\t\t\t\t\t<h2 class=\"elementor-heading-title elementor-size-default\">Ein Hausboot mit Street Art<\/h2>\t\t\t\t<\/div>\n\t\t\t\t<\/div>\n\t\t\t\t<div class=\"elementor-element elementor-element-00a225a elementor-widget elementor-widget-heading\" data-id=\"00a225a\" data-element_type=\"widget\" data-e-type=\"widget\" data-widget_type=\"heading.default\">\n\t\t\t\t<div class=\"elementor-widget-container\">\n\t\t\t\t\t<h3 class=\"elementor-heading-title elementor-size-default\">Das schwimmende Museum: Die Odyssee des Kanals<\/h3>\t\t\t\t<\/div>\n\t\t\t\t<\/div>\n\t\t\t\t<div class=\"elementor-element elementor-element-4d39d50 elementor-absolute elementor-widget elementor-widget-image\" data-id=\"4d39d50\" data-element_type=\"widget\" data-e-type=\"widget\" data-settings=\"{&quot;_position&quot;:&quot;absolute&quot;}\" data-widget_type=\"image.default\">\n\t\t\t\t<div class=\"elementor-widget-container\">\n\t\t\t\t\t\t\t\t\t\t\t\t\t\t\t<img fetchpriority=\"high\" decoding=\"async\" width=\"410\" height=\"1353\" src=\"https:\/\/www.mercure-carcassonnelacite.com\/wp-content\/uploads\/2025\/05\/Groupe-998-2x.png\" class=\"attachment-full size-full wp-image-1441\" alt=\"\" srcset=\"https:\/\/www.mercure-carcassonnelacite.com\/wp-content\/uploads\/2025\/05\/Groupe-998-2x.png 410w, https:\/\/www.mercure-carcassonnelacite.com\/wp-content\/uploads\/2025\/05\/Groupe-998-2x-91x300.png 91w, https:\/\/www.mercure-carcassonnelacite.com\/wp-content\/uploads\/2025\/05\/Groupe-998-2x-310x1024.png 310w, https:\/\/www.mercure-carcassonnelacite.com\/wp-content\/uploads\/2025\/05\/Groupe-998-2x-4x12.png 4w\" sizes=\"(max-width: 410px) 100vw, 410px\" title=\"\">\t\t\t\t\t\t\t\t\t\t\t\t\t\t\t<\/div>\n\t\t\t\t<\/div>\n\t\t\t\t<\/div>\n\t\t\t\t<\/div>\n\t\t\t\t\t<\/div>\n\t\t\t\t<\/div>\n\t\t\t\t<\/div>","protected":false},"excerpt":{"rendered":"<p>D\u00e9couvrir Les diff\u00e9rentes visites dans la Bastide saint louis et autour La BastideSaint Louis l\u00e0 o\u00f9 l\u2019histoire r\u00e9sonne ! Situ\u00e9e en contrebas de la c\u00e9l\u00e8bre Cit\u00e9 M\u00e9di\u00e9vale, la Bastide Saint-Louis est le c\u0153ur vivant et commer\u00e7ant de Carcassonne. Construite au XIIIe si\u00e8cle sous le r\u00e8gne de Saint Louis, cette bastide royale se distingue par son [&hellip;]<\/p>\n","protected":false},"author":5,"featured_media":1471,"parent":238,"menu_order":0,"comment_status":"closed","ping_status":"closed","template":"","meta":{"inline_featured_image":false,"footnotes":""},"class_list":["post-230","page","type-page","status-publish","has-post-thumbnail","hentry"],"_links":{"self":[{"href":"https:\/\/www.mercure-carcassonnelacite.com\/de\/wp-json\/wp\/v2\/pages\/230","targetHints":{"allow":["GET"]}}],"collection":[{"href":"https:\/\/www.mercure-carcassonnelacite.com\/de\/wp-json\/wp\/v2\/pages"}],"about":[{"href":"https:\/\/www.mercure-carcassonnelacite.com\/de\/wp-json\/wp\/v2\/types\/page"}],"author":[{"embeddable":true,"href":"https:\/\/www.mercure-carcassonnelacite.com\/de\/wp-json\/wp\/v2\/users\/5"}],"replies":[{"embeddable":true,"href":"https:\/\/www.mercure-carcassonnelacite.com\/de\/wp-json\/wp\/v2\/comments?post=230"}],"version-history":[{"count":26,"href":"https:\/\/www.mercure-carcassonnelacite.com\/de\/wp-json\/wp\/v2\/pages\/230\/revisions"}],"predecessor-version":[{"id":1470,"href":"https:\/\/www.mercure-carcassonnelacite.com\/de\/wp-json\/wp\/v2\/pages\/230\/revisions\/1470"}],"up":[{"embeddable":true,"href":"https:\/\/www.mercure-carcassonnelacite.com\/de\/wp-json\/wp\/v2\/pages\/238"}],"wp:featuredmedia":[{"embeddable":true,"href":"https:\/\/www.mercure-carcassonnelacite.com\/de\/wp-json\/wp\/v2\/media\/1471"}],"wp:attachment":[{"href":"https:\/\/www.mercure-carcassonnelacite.com\/de\/wp-json\/wp\/v2\/media?parent=230"}],"curies":[{"name":"wp","href":"https:\/\/api.w.org\/{rel}","templated":true}]}}